{"id":2021,"date":"2025-12-01T22:13:26","date_gmt":"2025-12-01T22:13:26","guid":{"rendered":"https:\/\/marinesolarenergy.com\/?post_type=product&#038;p=2021"},"modified":"2025-12-02T16:15:42","modified_gmt":"2025-12-02T16:15:42","slug":"skylla-tg-24-10011-gl-120-240v-sdtg2401003","status":"publish","type":"product","link":"https:\/\/marinesolarenergy.com\/en\/producto\/skylla-tg-24-10011-gl-120-240v-sdtg2401003\/","title":{"rendered":"Skylla-TG 24\/100(1+1) GL 120-240V &#8211; SDTG2401003"},"content":{"rendered":"<p>Cargador con dos salidas independientes: una completa y una limitada a 4 amperios. La tensi\u00f3n de carga puede ajustarse con precisi\u00f3n para adaptarse a cualquier sistema de bater\u00edas. La entrada del cargador es de 120-230 V a 50\/60 HZ. La tensi\u00f3n de carga puede medirse directamente en los terminales de la bater\u00eda para compensar la p\u00e9rdida de tensi\u00f3n por resistencia de los cables. Un sensor externo de temperatura permite reducir la tensi\u00f3n de carga cuando aumenta la temperatura de la bater\u00eda.<\/p>\n","protected":false},"excerpt":{"rendered":"<p>Cargador con dos salidas independientes: una completa y una limitada a 4 amperios. La tensi\u00f3n de carga puede ajustarse con precisi\u00f3n para adaptarse a cualquier sistema de bater\u00edas. La entrada del cargador es de 120-230 V a 50\/60 HZ. La tensi\u00f3n de carga puede medirse directamente en los terminales de la bater\u00eda para compensar la [&hellip;]<\/p>\n","protected":false},"featured_media":2022,"comment_status":"open","ping_status":"closed","template":"","meta":{"_et_pb_use_builder":"","_et_pb_old_content":"","_et_gb_content_width":"","_coblocks_attr":"","_coblocks_dimensions":"","_coblocks_responsive_height":"","_coblocks_accordion_ie_support":""},"product_brand":[],"product_cat":[30,15],"product_tag":[],"class_list":{"0":"post-2021","1":"product","2":"type-product","3":"status-publish","4":"has-post-thumbnail","6":"product_cat-cargador-de-baterias","7":"product_cat-todos","9":"first","10":"instock","11":"taxable","12":"shipping-taxable","13":"purchasable","14":"product-type-simple"},"yoast_head":"<!-- This site is optimized with the Yoast SEO plugin v27.4 - https:\/\/yoast.com\/product\/yoast-seo-wordpress\/ -->\n<title>Skylla-TG 24\/100(1+1) GL 120-240V - SDTG2401003 - Marine Solar Energy<\/title>\n<meta name=\"robots\" content=\"index, follow, max-snippet:-1, max-image-preview:large, max-video-preview:-1\" \/>\n<link rel=\"canonical\" href=\"https:\/\/marinesolarenergy.com\/en\/producto\/skylla-tg-24-10011-gl-120-240v-sdtg2401003\/\" \/>\n<meta property=\"og:locale\" content=\"en_US\" \/>\n<meta property=\"og:type\" content=\"article\" \/>\n<meta property=\"og:title\" content=\"Skylla-TG 24\/100(1+1) GL 120-240V - SDTG2401003 - Marine Solar Energy\" \/>\n<meta property=\"og:description\" content=\"Cargador con dos salidas independientes: una completa y una limitada a 4 amperios. La tensi\u00f3n de carga puede ajustarse con precisi\u00f3n para adaptarse a cualquier sistema de bater\u00edas. La entrada del cargador es de 120-230 V a 50\/60 HZ. La tensi\u00f3n de carga puede medirse directamente en los terminales de la bater\u00eda para compensar la [&hellip;]\" \/>\n<meta property=\"og:url\" content=\"https:\/\/marinesolarenergy.com\/en\/producto\/skylla-tg-24-10011-gl-120-240v-sdtg2401003\/\" \/>\n<meta property=\"og:site_name\" content=\"Marine Solar Energy\" \/>\n<meta property=\"article:publisher\" content=\"https:\/\/www.facebook.com\/profile.php?id=100090076554003\" \/>\n<meta property=\"article:modified_time\" content=\"2025-12-02T16:15:42+00:00\" \/>\n<meta property=\"og:image\" content=\"https:\/\/marinesolarenergy.com\/wp-content\/uploads\/2025\/12\/1.jpeg\" \/>\n\t<meta property=\"og:image:width\" content=\"720\" \/>\n\t<meta property=\"og:image:height\" content=\"800\" \/>\n\t<meta property=\"og:image:type\" content=\"image\/jpeg\" \/>\n<meta name=\"twitter:card\" content=\"summary_large_image\" \/>\n<meta name=\"twitter:label1\" content=\"Est. reading time\" \/>\n\t<meta name=\"twitter:data1\" content=\"1 minute\" \/>\n<script type=\"application\/ld+json\" class=\"yoast-schema-graph\">{\"@context\":\"https:\\\/\\\/schema.org\",\"@graph\":[{\"@type\":\"WebPage\",\"@id\":\"https:\\\/\\\/marinesolarenergy.com\\\/en\\\/producto\\\/skylla-tg-24-10011-gl-120-240v-sdtg2401003\\\/\",\"url\":\"https:\\\/\\\/marinesolarenergy.com\\\/en\\\/producto\\\/skylla-tg-24-10011-gl-120-240v-sdtg2401003\\\/\",\"name\":\"Skylla-TG 24\\\/100(1+1) GL 120-240V - SDTG2401003 - Marine Solar Energy\",\"isPartOf\":{\"@id\":\"https:\\\/\\\/marinesolarenergy.com\\\/en\\\/#website\"},\"primaryImageOfPage\":{\"@id\":\"https:\\\/\\\/marinesolarenergy.com\\\/en\\\/producto\\\/skylla-tg-24-10011-gl-120-240v-sdtg2401003\\\/#primaryimage\"},\"image\":{\"@id\":\"https:\\\/\\\/marinesolarenergy.com\\\/en\\\/producto\\\/skylla-tg-24-10011-gl-120-240v-sdtg2401003\\\/#primaryimage\"},\"thumbnailUrl\":\"https:\\\/\\\/i0.wp.com\\\/marinesolarenergy.com\\\/wp-content\\\/uploads\\\/2025\\\/12\\\/1.jpeg?fit=720%2C800&ssl=1\",\"datePublished\":\"2025-12-01T22:13:26+00:00\",\"dateModified\":\"2025-12-02T16:15:42+00:00\",\"breadcrumb\":{\"@id\":\"https:\\\/\\\/marinesolarenergy.com\\\/en\\\/producto\\\/skylla-tg-24-10011-gl-120-240v-sdtg2401003\\\/#breadcrumb\"},\"inLanguage\":\"en-US\",\"potentialAction\":[{\"@type\":\"ReadAction\",\"target\":[\"https:\\\/\\\/marinesolarenergy.com\\\/en\\\/producto\\\/skylla-tg-24-10011-gl-120-240v-sdtg2401003\\\/\"]}]},{\"@type\":\"ImageObject\",\"inLanguage\":\"en-US\",\"@id\":\"https:\\\/\\\/marinesolarenergy.com\\\/en\\\/producto\\\/skylla-tg-24-10011-gl-120-240v-sdtg2401003\\\/#primaryimage\",\"url\":\"https:\\\/\\\/i0.wp.com\\\/marinesolarenergy.com\\\/wp-content\\\/uploads\\\/2025\\\/12\\\/1.jpeg?fit=720%2C800&ssl=1\",\"contentUrl\":\"https:\\\/\\\/i0.wp.com\\\/marinesolarenergy.com\\\/wp-content\\\/uploads\\\/2025\\\/12\\\/1.jpeg?fit=720%2C800&ssl=1\",\"width\":720,\"height\":800},{\"@type\":\"BreadcrumbList\",\"@id\":\"https:\\\/\\\/marinesolarenergy.com\\\/en\\\/producto\\\/skylla-tg-24-10011-gl-120-240v-sdtg2401003\\\/#breadcrumb\",\"itemListElement\":[{\"@type\":\"ListItem\",\"position\":1,\"name\":\"Portada\",\"item\":\"https:\\\/\\\/marinesolarenergy.com\\\/en\\\/home\\\/\"},{\"@type\":\"ListItem\",\"position\":2,\"name\":\"Tienda\",\"item\":\"https:\\\/\\\/marinesolarenergy.com\\\/tienda\\\/\"},{\"@type\":\"ListItem\",\"position\":3,\"name\":\"Skylla-TG 24\\\/100(1+1) GL 120-240V &#8211; SDTG2401003\"}]},{\"@type\":\"WebSite\",\"@id\":\"https:\\\/\\\/marinesolarenergy.com\\\/en\\\/#website\",\"url\":\"https:\\\/\\\/marinesolarenergy.com\\\/en\\\/\",\"name\":\"Marine Solar Energy\",\"description\":\"Power in Control\",\"publisher\":{\"@id\":\"https:\\\/\\\/marinesolarenergy.com\\\/en\\\/#organization\"},\"potentialAction\":[{\"@type\":\"SearchAction\",\"target\":{\"@type\":\"EntryPoint\",\"urlTemplate\":\"https:\\\/\\\/marinesolarenergy.com\\\/en\\\/?s={search_term_string}\"},\"query-input\":{\"@type\":\"PropertyValueSpecification\",\"valueRequired\":true,\"valueName\":\"search_term_string\"}}],\"inLanguage\":\"en-US\"},{\"@type\":\"Organization\",\"@id\":\"https:\\\/\\\/marinesolarenergy.com\\\/en\\\/#organization\",\"name\":\"Marine Solar Energy\",\"url\":\"https:\\\/\\\/marinesolarenergy.com\\\/en\\\/\",\"logo\":{\"@type\":\"ImageObject\",\"inLanguage\":\"en-US\",\"@id\":\"https:\\\/\\\/marinesolarenergy.com\\\/en\\\/#\\\/schema\\\/logo\\\/image\\\/\",\"url\":\"https:\\\/\\\/marinesolarenergy.com\\\/wp-content\\\/uploads\\\/2023\\\/02\\\/800-vertical-logo.png\",\"contentUrl\":\"https:\\\/\\\/marinesolarenergy.com\\\/wp-content\\\/uploads\\\/2023\\\/02\\\/800-vertical-logo.png\",\"width\":800,\"height\":596,\"caption\":\"Marine Solar Energy\"},\"image\":{\"@id\":\"https:\\\/\\\/marinesolarenergy.com\\\/en\\\/#\\\/schema\\\/logo\\\/image\\\/\"},\"sameAs\":[\"https:\\\/\\\/www.facebook.com\\\/profile.php?id=100090076554003\",\"https:\\\/\\\/www.instagram.com\\\/marine.solarenergy\\\/\"]}]}<\/script>\n<!-- \/ Yoast SEO plugin. -->","yoast_head_json":{"title":"Skylla-TG 24\/100(1+1) GL 120-240V - SDTG2401003 - Marine Solar Energy","robots":{"index":"index","follow":"follow","max-snippet":"max-snippet:-1","max-image-preview":"max-image-preview:large","max-video-preview":"max-video-preview:-1"},"canonical":"https:\/\/marinesolarenergy.com\/en\/producto\/skylla-tg-24-10011-gl-120-240v-sdtg2401003\/","og_locale":"en_US","og_type":"article","og_title":"Skylla-TG 24\/100(1+1) GL 120-240V - SDTG2401003 - Marine Solar Energy","og_description":"Cargador con dos salidas independientes: una completa y una limitada a 4 amperios. La tensi\u00f3n de carga puede ajustarse con precisi\u00f3n para adaptarse a cualquier sistema de bater\u00edas. La entrada del cargador es de 120-230 V a 50\/60 HZ. La tensi\u00f3n de carga puede medirse directamente en los terminales de la bater\u00eda para compensar la [&hellip;]","og_url":"https:\/\/marinesolarenergy.com\/en\/producto\/skylla-tg-24-10011-gl-120-240v-sdtg2401003\/","og_site_name":"Marine Solar Energy","article_publisher":"https:\/\/www.facebook.com\/profile.php?id=100090076554003","article_modified_time":"2025-12-02T16:15:42+00:00","og_image":[{"width":720,"height":800,"url":"https:\/\/marinesolarenergy.com\/wp-content\/uploads\/2025\/12\/1.jpeg","type":"image\/jpeg"}],"twitter_card":"summary_large_image","twitter_misc":{"Est. reading time":"1 minute"},"schema":{"@context":"https:\/\/schema.org","@graph":[{"@type":"WebPage","@id":"https:\/\/marinesolarenergy.com\/en\/producto\/skylla-tg-24-10011-gl-120-240v-sdtg2401003\/","url":"https:\/\/marinesolarenergy.com\/en\/producto\/skylla-tg-24-10011-gl-120-240v-sdtg2401003\/","name":"Skylla-TG 24\/100(1+1) GL 120-240V - SDTG2401003 - Marine Solar Energy","isPartOf":{"@id":"https:\/\/marinesolarenergy.com\/en\/#website"},"primaryImageOfPage":{"@id":"https:\/\/marinesolarenergy.com\/en\/producto\/skylla-tg-24-10011-gl-120-240v-sdtg2401003\/#primaryimage"},"image":{"@id":"https:\/\/marinesolarenergy.com\/en\/producto\/skylla-tg-24-10011-gl-120-240v-sdtg2401003\/#primaryimage"},"thumbnailUrl":"https:\/\/i0.wp.com\/marinesolarenergy.com\/wp-content\/uploads\/2025\/12\/1.jpeg?fit=720%2C800&ssl=1","datePublished":"2025-12-01T22:13:26+00:00","dateModified":"2025-12-02T16:15:42+00:00","breadcrumb":{"@id":"https:\/\/marinesolarenergy.com\/en\/producto\/skylla-tg-24-10011-gl-120-240v-sdtg2401003\/#breadcrumb"},"inLanguage":"en-US","potentialAction":[{"@type":"ReadAction","target":["https:\/\/marinesolarenergy.com\/en\/producto\/skylla-tg-24-10011-gl-120-240v-sdtg2401003\/"]}]},{"@type":"ImageObject","inLanguage":"en-US","@id":"https:\/\/marinesolarenergy.com\/en\/producto\/skylla-tg-24-10011-gl-120-240v-sdtg2401003\/#primaryimage","url":"https:\/\/i0.wp.com\/marinesolarenergy.com\/wp-content\/uploads\/2025\/12\/1.jpeg?fit=720%2C800&ssl=1","contentUrl":"https:\/\/i0.wp.com\/marinesolarenergy.com\/wp-content\/uploads\/2025\/12\/1.jpeg?fit=720%2C800&ssl=1","width":720,"height":800},{"@type":"BreadcrumbList","@id":"https:\/\/marinesolarenergy.com\/en\/producto\/skylla-tg-24-10011-gl-120-240v-sdtg2401003\/#breadcrumb","itemListElement":[{"@type":"ListItem","position":1,"name":"Portada","item":"https:\/\/marinesolarenergy.com\/en\/home\/"},{"@type":"ListItem","position":2,"name":"Tienda","item":"https:\/\/marinesolarenergy.com\/tienda\/"},{"@type":"ListItem","position":3,"name":"Skylla-TG 24\/100(1+1) GL 120-240V &#8211; SDTG2401003"}]},{"@type":"WebSite","@id":"https:\/\/marinesolarenergy.com\/en\/#website","url":"https:\/\/marinesolarenergy.com\/en\/","name":"Marine Solar Energy","description":"Power in Control","publisher":{"@id":"https:\/\/marinesolarenergy.com\/en\/#organization"},"potentialAction":[{"@type":"SearchAction","target":{"@type":"EntryPoint","urlTemplate":"https:\/\/marinesolarenergy.com\/en\/?s={search_term_string}"},"query-input":{"@type":"PropertyValueSpecification","valueRequired":true,"valueName":"search_term_string"}}],"inLanguage":"en-US"},{"@type":"Organization","@id":"https:\/\/marinesolarenergy.com\/en\/#organization","name":"Marine Solar Energy","url":"https:\/\/marinesolarenergy.com\/en\/","logo":{"@type":"ImageObject","inLanguage":"en-US","@id":"https:\/\/marinesolarenergy.com\/en\/#\/schema\/logo\/image\/","url":"https:\/\/marinesolarenergy.com\/wp-content\/uploads\/2023\/02\/800-vertical-logo.png","contentUrl":"https:\/\/marinesolarenergy.com\/wp-content\/uploads\/2023\/02\/800-vertical-logo.png","width":800,"height":596,"caption":"Marine Solar Energy"},"image":{"@id":"https:\/\/marinesolarenergy.com\/en\/#\/schema\/logo\/image\/"},"sameAs":["https:\/\/www.facebook.com\/profile.php?id=100090076554003","https:\/\/www.instagram.com\/marine.solarenergy\/"]}]}},"jetpack-related-posts":[],"jetpack_sharing_enabled":true,"_links":{"self":[{"href":"https:\/\/marinesolarenergy.com\/en\/wp-json\/wp\/v2\/product\/2021","targetHints":{"allow":["GET"]}}],"collection":[{"href":"https:\/\/marinesolarenergy.com\/en\/wp-json\/wp\/v2\/product"}],"about":[{"href":"https:\/\/marinesolarenergy.com\/en\/wp-json\/wp\/v2\/types\/product"}],"replies":[{"embeddable":true,"href":"https:\/\/marinesolarenergy.com\/en\/wp-json\/wp\/v2\/comments?post=2021"}],"wp:featuredmedia":[{"embeddable":true,"href":"https:\/\/marinesolarenergy.com\/en\/wp-json\/wp\/v2\/media\/2022"}],"wp:attachment":[{"href":"https:\/\/marinesolarenergy.com\/en\/wp-json\/wp\/v2\/media?parent=2021"}],"wp:term":[{"taxonomy":"product_brand","embeddable":true,"href":"https:\/\/marinesolarenergy.com\/en\/wp-json\/wp\/v2\/product_brand?post=2021"},{"taxonomy":"product_cat","embeddable":true,"href":"https:\/\/marinesolarenergy.com\/en\/wp-json\/wp\/v2\/product_cat?post=2021"},{"taxonomy":"product_tag","embeddable":true,"href":"https:\/\/marinesolarenergy.com\/en\/wp-json\/wp\/v2\/product_tag?post=2021"}],"curies":[{"name":"wp","href":"https:\/\/api.w.org\/{rel}","templated":true}]}}