{"id":2008,"date":"2025-12-01T22:02:10","date_gmt":"2025-12-01T22:02:10","guid":{"rendered":"https:\/\/marinesolarenergy.com\/?post_type=product&#038;p=2008"},"modified":"2025-12-01T22:06:57","modified_gmt":"2025-12-01T22:06:57","slug":"quattro-48-5000-70-100-100-120v-ve-bus-qua485021100","status":"publish","type":"product","link":"https:\/\/marinesolarenergy.com\/en\/producto\/quattro-48-5000-70-100-100-120v-ve-bus-qua485021100\/","title":{"rendered":"Quattro 48\/5000\/70-100\/100 120V VE.Bus &#8211; QUA485021100"},"content":{"rendered":"<p>Similar al MultiPlus, el Quattro tambi\u00e9n es un inversor y cargador combinados. Adem\u00e1s, puede aceptar dos entradas de CA y conectarse autom\u00e1ticamente a la fuente activa. Sus muchas funciones incluyen un inversor de onda sinusoidal verdadera, carga adaptativa, tecnolog\u00eda h\u00edbrida PowerAssist m\u00e1s m\u00faltiples funciones de integraci\u00f3n del sistema, como operaci\u00f3n trif\u00e1sica o de fase dividida y operaci\u00f3n en paralelo.<\/p>\n","protected":false},"excerpt":{"rendered":"<section id=\"about-product\" class=\"flex w-full justify-center \">\n<div class=\"px-5 md:px-8 lg:px-[4.375rem] max-w-[80rem] flex w-full items-center justify-center\">\n<div class=\"flex w-full flex-col items-center justify-center gap-6 py-[3.75rem] md:flex-row md:gap-0 md:py-14 lg:py-20\">\n<h2 class=\"font-title font-bold md:text-h2 text-h2-sm text-black flex-[47%] self-start\"><span class=\"inline-block h-full w-full opacity-0 relative\">Acerca de este<br \/>\nproducto<\/span><\/h2>\n<div class=\"flex-[53%] text-body-1-sm [&amp;&gt;*]:text-body-1-sm [&amp;&gt;*&gt;*]:text-body-1-sm about-section\">\n<p>Al igual que el MultiPlus, el Quattro tambi\u00e9n es un aparato compuesto de un inversor y un cargador. Adem\u00e1s, admite dos entradas CA y se conecta autom\u00e1ticamente a la entrada activa. Sus muchas caracter\u00edsticas incluyen un inversor de onda sinusoidal pura, carga variable, tecnolog\u00eda PowerAssist h\u00edbrida, adem\u00e1s de m\u00faltiples caracter\u00edsticas para su integraci\u00f3n en distintos sistemas, como sistemas trif\u00e1sicos o de fase dividida.<\/p>\n<\/div>\n<\/div>\n<\/div>\n<\/section>\n<div id=\"features\" class=\"bg-white\">\n<section class=\"flex w-full justify-center \">\n<div class=\"w-full px-5 md:px-8 lg:px-[4.375rem] max-w-[80rem]\">\n<div class=\"lg:border-t-[1px] lg:border-neutral-400\">\n<div class=\"pb-20 lg:min-h-[30rem] flex flex-col gap-10 items-center lg:border-b-[1px] lg:border-neutral-400 lg:py-20 md:flex-row-reverse\">\n<div class=\"h-[15.6875rem] w-full md:w-1\/2 flex justify-center items-center\">\n<div class=\"h-[15.6875rem] md:h-[10.5rem] w-full lg:h-[21.09375rem]\">\n<div class=\"relative h-full w-full\"><\/div>\n<\/div>\n<\/div>\n<div class=\"md:w-1\/2 lg:pr-32\">\n<h2 class=\"font-title font-bold md:text-h4 text-h4-sm text-black mb-4\"><span class=\"inline-block h-full w-full opacity-0 relative\">Dos entradas CA y dos salidas CA<\/span><\/h2>\n<div class=\"text-black text-body-3 [&amp;&gt;*]:text-body-3\">\n<p>El Quattro puede conectarse a dos fuentes de alimentaci\u00f3n CA independientes, por ejemplo a la toma de puerto y a un generador, o a dos generadores. Se conectar\u00e1 autom\u00e1ticamente a la fuente de alimentaci\u00f3n activa. La salida principal dispone de la funci\u00f3n \u201cno-break\u201d (sin interrupci\u00f3n). En caso de apag\u00f3n, o de desconexi\u00f3n de la red el\u00e9ctrica o del generador, el Quattro asume el suministro de las cargas conectadas. Esto ocurre tan r\u00e1pidamente (menos de 20 milisegundos) que los ordenadores y dem\u00e1s equipos electr\u00f3nicos contin\u00faan funcionando sin interrupci\u00f3n. La segunda salida s\u00f3lo est\u00e1 activa cuando una de las entradas del Quattro tiene alimentaci\u00f3n CA. Aquellas cargas que no deber\u00edan alimentarse por bater\u00eda, como el aire acondicionado o el calentador de agua, pueden conectarse a esta salida.<\/p>\n<\/div>\n<\/div>\n<\/div>\n<div class=\"pb-20 lg:min-h-[30rem] flex flex-col gap-10 items-center lg:border-b-[1px] lg:border-neutral-400 lg:py-20 md:flex-row\">\n<div class=\"h-[15.6875rem] w-full md:w-1\/2 flex justify-center items-center\">\n<div class=\"h-[15.6875rem] md:h-[10.5rem] w-full lg:h-[21.09375rem]\">\n<div class=\"relative h-full w-full\"><\/div>\n<\/div>\n<\/div>\n<div class=\"md:w-1\/2 lg:pl-32\">\n<h2 class=\"font-title font-bold md:text-h4 text-h4-sm text-black mb-4\"><span class=\"inline-block h-full w-full opacity-0 relative\">La exclusiva funci\u00f3n PowerAssist<\/span><\/h2>\n<div class=\"text-black text-body-3 [&amp;&gt;*]:text-body-3\">\n<p>El Quattro puede evitar las sobrecargas en una fuente CA limitada, como pueda ser un generador o una toma de puerto. En primer lugar, reducir\u00e1 autom\u00e1ticamente la carga de la bater\u00eda cuando se produzca una sobrecarga. En segundo lugar, tomar\u00e1 corriente de la bater\u00eda para compensar la alimentaci\u00f3n del generador o de la red el\u00e9ctrica.<\/p>\n<\/div>\n<\/div>\n<\/div>\n<div class=\"pb-20 lg:min-h-[30rem] flex flex-col gap-10 items-center lg:border-b-[1px] lg:border-neutral-400 lg:py-20 md:flex-row-reverse\">\n<div class=\"h-[15.6875rem] w-full md:w-1\/2 flex justify-center items-center\">\n<div class=\"h-[15.6875rem] md:h-[10.5rem] w-full lg:h-[21.09375rem]\">\n<div class=\"relative h-full w-full\"><\/div>\n<\/div>\n<\/div>\n<div class=\"md:w-1\/2 lg:pr-32\">\n<h2 class=\"font-title font-bold md:text-h4 text-h4-sm text-black mb-4\"><span class=\"inline-block h-full w-full opacity-0 relative\">Potencia pr\u00e1cticamente ilimitada gracias al funcionamiento en paralelo<\/span><\/h2>\n<div class=\"text-black text-body-3 [&amp;&gt;*]:text-body-3\">\n<p>Se pueden conectar hasta 6 Quattros en paralelo para alcanzar una mayor potencia de salida. Tambi\u00e9n es posible el funcionamiento en modo trif\u00e1sico o en fase dividida. Consulte nuestras fichas t\u00e9cnicas para encontrar los modelos que pueden montarse en paralelo, en trif\u00e1sico y en fase dividida.<\/p>\n<\/div>\n<\/div>\n<\/div>\n<div class=\"pb-20 lg:min-h-[30rem] flex flex-col gap-10 items-center lg:border-b-[1px] lg:border-neutral-400 lg:py-20 md:flex-row\">\n<div class=\"h-[15.6875rem] w-full md:w-1\/2 flex justify-center items-center\">\n<div class=\"h-[15.6875rem] md:h-[10.5rem] w-full lg:h-[21.09375rem]\">\n<div class=\"relative h-full w-full\"><\/div>\n<\/div>\n<\/div>\n<div class=\"md:w-1\/2 lg:pl-32\">\n<h2 class=\"font-title font-bold md:text-h4 text-h4-sm text-black mb-4\"><span class=\"inline-block h-full w-full opacity-0 relative\">Seguimiento y control a distancia<\/span><\/h2>\n<div class=\"text-black text-body-3 [&amp;&gt;*]:text-body-3\">\n<p>Si lo empareja con un dispositivo GX (p.ej. un Cerbo GX) podr\u00e1 monitorizar y controlar su Quattro\u00a0y su sistema o sistemas de forma local (LAN) o de forma remota por Internet desde cualquier parte del mundo con la app gratuita VRM y el\u00a0<a href=\"https:\/\/vrm.victronenergy.com\/landingpage\">portal gratuito VRM<\/a>. El acceso puede llevarse a cabo desde un tel\u00e9fono, una tablet o un PC con distintos sistemas operativos. El nivel de control no tiene l\u00edmite, desde el ajuste de su Quattro\u00a0hasta el arranque autom\u00e1tico de un generador de reserva y mucho m\u00e1s&#8230;<\/p>\n<\/div>\n<\/div>\n<\/div>\n<\/div>\n<\/div>\n<\/section>\n<\/div>\n","protected":false},"featured_media":2011,"comment_status":"open","ping_status":"closed","template":"","meta":{"_et_pb_use_builder":"","_et_pb_old_content":"","_et_gb_content_width":"","_coblocks_attr":"","_coblocks_dimensions":"","_coblocks_responsive_height":"","_coblocks_accordion_ie_support":""},"product_brand":[],"product_cat":[18,15],"product_tag":[],"class_list":{"0":"post-2008","1":"product","2":"type-product","3":"status-publish","4":"has-post-thumbnail","6":"product_cat-inversores","7":"product_cat-todos","9":"first","10":"instock","11":"taxable","12":"shipping-taxable","13":"purchasable","14":"product-type-simple"},"yoast_head":"<!-- This site is optimized with the Yoast SEO plugin v27.4 - https:\/\/yoast.com\/product\/yoast-seo-wordpress\/ -->\n<title>Quattro 48\/5000\/70-100\/100 120V VE.Bus - QUA485021100 - Marine Solar Energy<\/title>\n<meta name=\"description\" content=\"Quattro 48\/5000\/70-100\/100 120V VE.Bus - QUA485021100\" \/>\n<meta name=\"robots\" content=\"index, follow, max-snippet:-1, max-image-preview:large, max-video-preview:-1\" \/>\n<link rel=\"canonical\" href=\"https:\/\/marinesolarenergy.com\/en\/producto\/quattro-48-5000-70-100-100-120v-ve-bus-qua485021100\/\" \/>\n<meta property=\"og:locale\" content=\"en_US\" \/>\n<meta property=\"og:type\" content=\"article\" \/>\n<meta property=\"og:title\" content=\"Quattro 48\/5000\/70-100\/100 120V VE.Bus - QUA485021100 - Marine Solar Energy\" \/>\n<meta property=\"og:description\" content=\"Quattro 48\/5000\/70-100\/100 120V VE.Bus - QUA485021100\" \/>\n<meta property=\"og:url\" content=\"https:\/\/marinesolarenergy.com\/en\/producto\/quattro-48-5000-70-100-100-120v-ve-bus-qua485021100\/\" \/>\n<meta property=\"og:site_name\" content=\"Marine Solar Energy\" \/>\n<meta property=\"article:publisher\" content=\"https:\/\/www.facebook.com\/profile.php?id=100090076554003\" \/>\n<meta property=\"article:modified_time\" content=\"2025-12-01T22:06:57+00:00\" \/>\n<meta property=\"og:image\" content=\"https:\/\/marinesolarenergy.com\/wp-content\/uploads\/2025\/12\/61U5KTerj1L._AC_SX679_.jpg\" \/>\n\t<meta property=\"og:image:width\" content=\"679\" \/>\n\t<meta property=\"og:image:height\" content=\"577\" \/>\n\t<meta property=\"og:image:type\" content=\"image\/jpeg\" \/>\n<meta name=\"twitter:card\" content=\"summary_large_image\" \/>\n<meta name=\"twitter:label1\" content=\"Est. reading time\" \/>\n\t<meta name=\"twitter:data1\" content=\"1 minute\" \/>\n<script type=\"application\/ld+json\" class=\"yoast-schema-graph\">{\"@context\":\"https:\\\/\\\/schema.org\",\"@graph\":[{\"@type\":\"WebPage\",\"@id\":\"https:\\\/\\\/marinesolarenergy.com\\\/en\\\/producto\\\/quattro-48-5000-70-100-100-120v-ve-bus-qua485021100\\\/\",\"url\":\"https:\\\/\\\/marinesolarenergy.com\\\/en\\\/producto\\\/quattro-48-5000-70-100-100-120v-ve-bus-qua485021100\\\/\",\"name\":\"Quattro 48\\\/5000\\\/70-100\\\/100 120V VE.Bus - QUA485021100 - Marine Solar Energy\",\"isPartOf\":{\"@id\":\"https:\\\/\\\/marinesolarenergy.com\\\/en\\\/#website\"},\"primaryImageOfPage\":{\"@id\":\"https:\\\/\\\/marinesolarenergy.com\\\/en\\\/producto\\\/quattro-48-5000-70-100-100-120v-ve-bus-qua485021100\\\/#primaryimage\"},\"image\":{\"@id\":\"https:\\\/\\\/marinesolarenergy.com\\\/en\\\/producto\\\/quattro-48-5000-70-100-100-120v-ve-bus-qua485021100\\\/#primaryimage\"},\"thumbnailUrl\":\"https:\\\/\\\/i0.wp.com\\\/marinesolarenergy.com\\\/wp-content\\\/uploads\\\/2025\\\/12\\\/61U5KTerj1L._AC_SX679_.jpg?fit=679%2C577&ssl=1\",\"datePublished\":\"2025-12-01T22:02:10+00:00\",\"dateModified\":\"2025-12-01T22:06:57+00:00\",\"description\":\"Quattro 48\\\/5000\\\/70-100\\\/100 120V VE.Bus - QUA485021100\",\"breadcrumb\":{\"@id\":\"https:\\\/\\\/marinesolarenergy.com\\\/en\\\/producto\\\/quattro-48-5000-70-100-100-120v-ve-bus-qua485021100\\\/#breadcrumb\"},\"inLanguage\":\"en-US\",\"potentialAction\":[{\"@type\":\"ReadAction\",\"target\":[\"https:\\\/\\\/marinesolarenergy.com\\\/en\\\/producto\\\/quattro-48-5000-70-100-100-120v-ve-bus-qua485021100\\\/\"]}]},{\"@type\":\"ImageObject\",\"inLanguage\":\"en-US\",\"@id\":\"https:\\\/\\\/marinesolarenergy.com\\\/en\\\/producto\\\/quattro-48-5000-70-100-100-120v-ve-bus-qua485021100\\\/#primaryimage\",\"url\":\"https:\\\/\\\/i0.wp.com\\\/marinesolarenergy.com\\\/wp-content\\\/uploads\\\/2025\\\/12\\\/61U5KTerj1L._AC_SX679_.jpg?fit=679%2C577&ssl=1\",\"contentUrl\":\"https:\\\/\\\/i0.wp.com\\\/marinesolarenergy.com\\\/wp-content\\\/uploads\\\/2025\\\/12\\\/61U5KTerj1L._AC_SX679_.jpg?fit=679%2C577&ssl=1\",\"width\":679,\"height\":577},{\"@type\":\"BreadcrumbList\",\"@id\":\"https:\\\/\\\/marinesolarenergy.com\\\/en\\\/producto\\\/quattro-48-5000-70-100-100-120v-ve-bus-qua485021100\\\/#breadcrumb\",\"itemListElement\":[{\"@type\":\"ListItem\",\"position\":1,\"name\":\"Portada\",\"item\":\"https:\\\/\\\/marinesolarenergy.com\\\/en\\\/home\\\/\"},{\"@type\":\"ListItem\",\"position\":2,\"name\":\"Tienda\",\"item\":\"https:\\\/\\\/marinesolarenergy.com\\\/tienda\\\/\"},{\"@type\":\"ListItem\",\"position\":3,\"name\":\"Quattro 48\\\/5000\\\/70-100\\\/100 120V VE.Bus &#8211; QUA485021100\"}]},{\"@type\":\"WebSite\",\"@id\":\"https:\\\/\\\/marinesolarenergy.com\\\/en\\\/#website\",\"url\":\"https:\\\/\\\/marinesolarenergy.com\\\/en\\\/\",\"name\":\"Marine Solar Energy\",\"description\":\"Power in Control\",\"publisher\":{\"@id\":\"https:\\\/\\\/marinesolarenergy.com\\\/en\\\/#organization\"},\"potentialAction\":[{\"@type\":\"SearchAction\",\"target\":{\"@type\":\"EntryPoint\",\"urlTemplate\":\"https:\\\/\\\/marinesolarenergy.com\\\/en\\\/?s={search_term_string}\"},\"query-input\":{\"@type\":\"PropertyValueSpecification\",\"valueRequired\":true,\"valueName\":\"search_term_string\"}}],\"inLanguage\":\"en-US\"},{\"@type\":\"Organization\",\"@id\":\"https:\\\/\\\/marinesolarenergy.com\\\/en\\\/#organization\",\"name\":\"Marine Solar Energy\",\"url\":\"https:\\\/\\\/marinesolarenergy.com\\\/en\\\/\",\"logo\":{\"@type\":\"ImageObject\",\"inLanguage\":\"en-US\",\"@id\":\"https:\\\/\\\/marinesolarenergy.com\\\/en\\\/#\\\/schema\\\/logo\\\/image\\\/\",\"url\":\"https:\\\/\\\/marinesolarenergy.com\\\/wp-content\\\/uploads\\\/2023\\\/02\\\/800-vertical-logo.png\",\"contentUrl\":\"https:\\\/\\\/marinesolarenergy.com\\\/wp-content\\\/uploads\\\/2023\\\/02\\\/800-vertical-logo.png\",\"width\":800,\"height\":596,\"caption\":\"Marine Solar Energy\"},\"image\":{\"@id\":\"https:\\\/\\\/marinesolarenergy.com\\\/en\\\/#\\\/schema\\\/logo\\\/image\\\/\"},\"sameAs\":[\"https:\\\/\\\/www.facebook.com\\\/profile.php?id=100090076554003\",\"https:\\\/\\\/www.instagram.com\\\/marine.solarenergy\\\/\"]}]}<\/script>\n<!-- \/ Yoast SEO plugin. -->","yoast_head_json":{"title":"Quattro 48\/5000\/70-100\/100 120V VE.Bus - QUA485021100 - Marine Solar Energy","description":"Quattro 48\/5000\/70-100\/100 120V VE.Bus - QUA485021100","robots":{"index":"index","follow":"follow","max-snippet":"max-snippet:-1","max-image-preview":"max-image-preview:large","max-video-preview":"max-video-preview:-1"},"canonical":"https:\/\/marinesolarenergy.com\/en\/producto\/quattro-48-5000-70-100-100-120v-ve-bus-qua485021100\/","og_locale":"en_US","og_type":"article","og_title":"Quattro 48\/5000\/70-100\/100 120V VE.Bus - QUA485021100 - Marine Solar Energy","og_description":"Quattro 48\/5000\/70-100\/100 120V VE.Bus - QUA485021100","og_url":"https:\/\/marinesolarenergy.com\/en\/producto\/quattro-48-5000-70-100-100-120v-ve-bus-qua485021100\/","og_site_name":"Marine Solar Energy","article_publisher":"https:\/\/www.facebook.com\/profile.php?id=100090076554003","article_modified_time":"2025-12-01T22:06:57+00:00","og_image":[{"width":679,"height":577,"url":"https:\/\/marinesolarenergy.com\/wp-content\/uploads\/2025\/12\/61U5KTerj1L._AC_SX679_.jpg","type":"image\/jpeg"}],"twitter_card":"summary_large_image","twitter_misc":{"Est. reading time":"1 minute"},"schema":{"@context":"https:\/\/schema.org","@graph":[{"@type":"WebPage","@id":"https:\/\/marinesolarenergy.com\/en\/producto\/quattro-48-5000-70-100-100-120v-ve-bus-qua485021100\/","url":"https:\/\/marinesolarenergy.com\/en\/producto\/quattro-48-5000-70-100-100-120v-ve-bus-qua485021100\/","name":"Quattro 48\/5000\/70-100\/100 120V VE.Bus - QUA485021100 - Marine Solar Energy","isPartOf":{"@id":"https:\/\/marinesolarenergy.com\/en\/#website"},"primaryImageOfPage":{"@id":"https:\/\/marinesolarenergy.com\/en\/producto\/quattro-48-5000-70-100-100-120v-ve-bus-qua485021100\/#primaryimage"},"image":{"@id":"https:\/\/marinesolarenergy.com\/en\/producto\/quattro-48-5000-70-100-100-120v-ve-bus-qua485021100\/#primaryimage"},"thumbnailUrl":"https:\/\/i0.wp.com\/marinesolarenergy.com\/wp-content\/uploads\/2025\/12\/61U5KTerj1L._AC_SX679_.jpg?fit=679%2C577&ssl=1","datePublished":"2025-12-01T22:02:10+00:00","dateModified":"2025-12-01T22:06:57+00:00","description":"Quattro 48\/5000\/70-100\/100 120V VE.Bus - QUA485021100","breadcrumb":{"@id":"https:\/\/marinesolarenergy.com\/en\/producto\/quattro-48-5000-70-100-100-120v-ve-bus-qua485021100\/#breadcrumb"},"inLanguage":"en-US","potentialAction":[{"@type":"ReadAction","target":["https:\/\/marinesolarenergy.com\/en\/producto\/quattro-48-5000-70-100-100-120v-ve-bus-qua485021100\/"]}]},{"@type":"ImageObject","inLanguage":"en-US","@id":"https:\/\/marinesolarenergy.com\/en\/producto\/quattro-48-5000-70-100-100-120v-ve-bus-qua485021100\/#primaryimage","url":"https:\/\/i0.wp.com\/marinesolarenergy.com\/wp-content\/uploads\/2025\/12\/61U5KTerj1L._AC_SX679_.jpg?fit=679%2C577&ssl=1","contentUrl":"https:\/\/i0.wp.com\/marinesolarenergy.com\/wp-content\/uploads\/2025\/12\/61U5KTerj1L._AC_SX679_.jpg?fit=679%2C577&ssl=1","width":679,"height":577},{"@type":"BreadcrumbList","@id":"https:\/\/marinesolarenergy.com\/en\/producto\/quattro-48-5000-70-100-100-120v-ve-bus-qua485021100\/#breadcrumb","itemListElement":[{"@type":"ListItem","position":1,"name":"Portada","item":"https:\/\/marinesolarenergy.com\/en\/home\/"},{"@type":"ListItem","position":2,"name":"Tienda","item":"https:\/\/marinesolarenergy.com\/tienda\/"},{"@type":"ListItem","position":3,"name":"Quattro 48\/5000\/70-100\/100 120V VE.Bus &#8211; QUA485021100"}]},{"@type":"WebSite","@id":"https:\/\/marinesolarenergy.com\/en\/#website","url":"https:\/\/marinesolarenergy.com\/en\/","name":"Marine Solar Energy","description":"Power in Control","publisher":{"@id":"https:\/\/marinesolarenergy.com\/en\/#organization"},"potentialAction":[{"@type":"SearchAction","target":{"@type":"EntryPoint","urlTemplate":"https:\/\/marinesolarenergy.com\/en\/?s={search_term_string}"},"query-input":{"@type":"PropertyValueSpecification","valueRequired":true,"valueName":"search_term_string"}}],"inLanguage":"en-US"},{"@type":"Organization","@id":"https:\/\/marinesolarenergy.com\/en\/#organization","name":"Marine Solar Energy","url":"https:\/\/marinesolarenergy.com\/en\/","logo":{"@type":"ImageObject","inLanguage":"en-US","@id":"https:\/\/marinesolarenergy.com\/en\/#\/schema\/logo\/image\/","url":"https:\/\/marinesolarenergy.com\/wp-content\/uploads\/2023\/02\/800-vertical-logo.png","contentUrl":"https:\/\/marinesolarenergy.com\/wp-content\/uploads\/2023\/02\/800-vertical-logo.png","width":800,"height":596,"caption":"Marine Solar Energy"},"image":{"@id":"https:\/\/marinesolarenergy.com\/en\/#\/schema\/logo\/image\/"},"sameAs":["https:\/\/www.facebook.com\/profile.php?id=100090076554003","https:\/\/www.instagram.com\/marine.solarenergy\/"]}]}},"jetpack-related-posts":[],"jetpack_sharing_enabled":true,"_links":{"self":[{"href":"https:\/\/marinesolarenergy.com\/en\/wp-json\/wp\/v2\/product\/2008","targetHints":{"allow":["GET"]}}],"collection":[{"href":"https:\/\/marinesolarenergy.com\/en\/wp-json\/wp\/v2\/product"}],"about":[{"href":"https:\/\/marinesolarenergy.com\/en\/wp-json\/wp\/v2\/types\/product"}],"replies":[{"embeddable":true,"href":"https:\/\/marinesolarenergy.com\/en\/wp-json\/wp\/v2\/comments?post=2008"}],"wp:featuredmedia":[{"embeddable":true,"href":"https:\/\/marinesolarenergy.com\/en\/wp-json\/wp\/v2\/media\/2011"}],"wp:attachment":[{"href":"https:\/\/marinesolarenergy.com\/en\/wp-json\/wp\/v2\/media?parent=2008"}],"wp:term":[{"taxonomy":"product_brand","embeddable":true,"href":"https:\/\/marinesolarenergy.com\/en\/wp-json\/wp\/v2\/product_brand?post=2008"},{"taxonomy":"product_cat","embeddable":true,"href":"https:\/\/marinesolarenergy.com\/en\/wp-json\/wp\/v2\/product_cat?post=2008"},{"taxonomy":"product_tag","embeddable":true,"href":"https:\/\/marinesolarenergy.com\/en\/wp-json\/wp\/v2\/product_tag?post=2008"}],"curies":[{"name":"wp","href":"https:\/\/api.w.org\/{rel}","templated":true}]}}