{"id":1974,"date":"2025-12-01T21:22:23","date_gmt":"2025-12-01T21:22:23","guid":{"rendered":"https:\/\/marinesolarenergy.com\/?post_type=product&#038;p=1974"},"modified":"2025-12-01T21:27:48","modified_gmt":"2025-12-01T21:27:48","slug":"ori124838120-orion-tr-smart-12-48-8a-380w-isolated-dc-dc-charger","status":"publish","type":"product","link":"https:\/\/marinesolarenergy.com\/en\/producto\/ori124838120-orion-tr-smart-12-48-8a-380w-isolated-dc-dc-charger\/","title":{"rendered":"ORI124838120 Orion-Tr Smart 12\/48-8A (380W) Isolated DC-DC charger"},"content":{"rendered":"<p>[et_pb_section fb_built=&#8221;1&#8243; _builder_version=&#8221;4.16&#8243; custom_padding=&#8221;0px||||false|false&#8221; global_colors_info=&#8221;{}&#8221;][et_pb_row _builder_version=&#8221;4.16&#8243; background_size=&#8221;initial&#8221; background_position=&#8221;top_left&#8221; background_repeat=&#8221;repeat&#8221; width=&#8221;100%&#8221; custom_padding=&#8221;0px||0px||false|false&#8221; global_colors_info=&#8221;{}&#8221;][et_pb_column type=&#8221;4_4&#8243; _builder_version=&#8221;4.16&#8243; custom_padding=&#8221;|||&#8221; global_colors_info=&#8221;{}&#8221; custom_padding__hover=&#8221;|||&#8221;][et_pb_wc_breadcrumb _builder_version=&#8221;4.16&#8243; global_colors_info=&#8221;{}&#8221;][\/et_pb_wc_breadcrumb][et_pb_wc_cart_notice _builder_version=&#8221;4.16&#8243; global_colors_info=&#8221;{}&#8221;][\/et_pb_wc_cart_notice][\/et_pb_column][\/et_pb_row][et_pb_row column_structure=&#8221;1_2,1_2&#8243; _builder_version=&#8221;4.16&#8243; background_size=&#8221;initial&#8221; background_position=&#8221;top_left&#8221; background_repeat=&#8221;repeat&#8221; width=&#8221;100%&#8221; custom_padding=&#8221;0px||||false|false&#8221; global_colors_info=&#8221;{}&#8221;][et_pb_column type=&#8221;1_2&#8243; _builder_version=&#8221;4.16&#8243; custom_padding=&#8221;|||&#8221; global_colors_info=&#8221;{}&#8221; custom_padding__hover=&#8221;|||&#8221;][et_pb_wc_images _builder_version=&#8221;4.16&#8243; global_colors_info=&#8221;{}&#8221;][\/et_pb_wc_images][\/et_pb_column][et_pb_column type=&#8221;1_2&#8243; _builder_version=&#8221;4.16&#8243; custom_padding=&#8221;|||&#8221; global_colors_info=&#8221;{}&#8221; custom_padding__hover=&#8221;|||&#8221;][et_pb_wc_title _builder_version=&#8221;4.16&#8243; global_colors_info=&#8221;{}&#8221;][\/et_pb_wc_title][et_pb_wc_rating _builder_version=&#8221;4.16&#8243; global_colors_info=&#8221;{}&#8221;][\/et_pb_wc_rating][et_pb_wc_price _builder_version=&#8221;4.16&#8243; global_colors_info=&#8221;{}&#8221;][\/et_pb_wc_price][et_pb_wc_description _builder_version=&#8221;4.16&#8243; global_colors_info=&#8221;{}&#8221;][\/et_pb_wc_description][et_pb_wc_add_to_cart _builder_version=&#8221;4.16&#8243; global_colors_info=&#8221;{}&#8221;][\/et_pb_wc_add_to_cart][et_pb_wc_meta _builder_version=&#8221;4.16&#8243; global_colors_info=&#8221;{}&#8221;][\/et_pb_wc_meta][\/et_pb_column][\/et_pb_row][et_pb_row _builder_version=&#8221;4.24.0&#8243; background_size=&#8221;initial&#8221; background_position=&#8221;top_left&#8221; background_repeat=&#8221;repeat&#8221; width=&#8221;100%&#8221; hover_enabled=&#8221;0&#8243; global_colors_info=&#8221;{}&#8221; sticky_enabled=&#8221;0&#8243;][et_pb_column type=&#8221;4_4&#8243; _builder_version=&#8221;4.16&#8243; custom_padding=&#8221;|||&#8221; global_colors_info=&#8221;{}&#8221; custom_padding__hover=&#8221;|||&#8221;][et_pb_wc_tabs _builder_version=&#8221;4.16&#8243; global_colors_info=&#8221;{}&#8221;]\t\t\t\t\t[\/et_pb_wc_tabs][et_pb_wc_upsells _builder_version=&#8221;4.16&#8243; global_colors_info=&#8221;{}&#8221;][\/et_pb_wc_upsells][et_pb_wc_related_products _builder_version=&#8221;4.16&#8243; global_colors_info=&#8221;{}&#8221;][\/et_pb_wc_related_products][\/et_pb_column][\/et_pb_row][\/et_pb_section]<\/p>\n","protected":false},"excerpt":{"rendered":"<p>El cargador Orion-Tr Smart DC-DC es un cargador profesional de CC a CC, adaptable de 3 etapas y con Bluetooth integrado.<\/p>\n","protected":false},"featured_media":1976,"comment_status":"open","ping_status":"closed","template":"","meta":{"_et_pb_use_builder":"on","_et_pb_old_content":"El cargador Orion-Tr Smart DC-DC es un cargador profesional de CC a CC, adaptable de 3 etapas y con Bluetooth integrado.\r\n\r\nPara su uso en sistemas de bater\u00eda en veh\u00edculos o embarcaciones en los que el alternador (inteligente) y la bater\u00eda de arranque se utilizan para cargar la bater\u00eda de servicio. La unidad puede monitorizarse y programarse v\u00eda Bluetooth y se puede controlar a distancia a trav\u00e9s de un interruptor remoto de encendido\/apagado, y dispone de un mecanismo de detecci\u00f3n de motor en marcha.","_et_gb_content_width":"","_coblocks_attr":"","_coblocks_dimensions":"","_coblocks_responsive_height":"","_coblocks_accordion_ie_support":""},"product_brand":[],"product_cat":[64,15],"product_tag":[63],"class_list":{"0":"post-1974","1":"product","2":"type-product","3":"status-publish","4":"has-post-thumbnail","6":"product_cat-cc-converters","7":"product_cat-todos","8":"product_tag-orion-tr-smart-48-12-30a-360w-isolated-dc-dc-charger","10":"first","11":"instock","12":"taxable","13":"shipping-taxable","14":"purchasable","15":"product-type-simple"},"yoast_head":"<!-- This site is optimized with the Yoast SEO plugin v27.4 - https:\/\/yoast.com\/product\/yoast-seo-wordpress\/ -->\n<title>ORI124838120 Orion-Tr Smart 12\/48-8A (380W) Isolated DC-DC charger - Marine Solar Energy<\/title>\n<meta name=\"robots\" content=\"index, follow, max-snippet:-1, max-image-preview:large, max-video-preview:-1\" \/>\n<link rel=\"canonical\" href=\"https:\/\/marinesolarenergy.com\/en\/producto\/ori124838120-orion-tr-smart-12-48-8a-380w-isolated-dc-dc-charger\/\" \/>\n<meta property=\"og:locale\" content=\"en_US\" \/>\n<meta property=\"og:type\" content=\"article\" \/>\n<meta property=\"og:title\" content=\"ORI124838120 Orion-Tr Smart 12\/48-8A (380W) Isolated DC-DC charger - Marine Solar Energy\" \/>\n<meta property=\"og:description\" content=\"El cargador Orion-Tr Smart DC-DC es un cargador profesional de CC a CC, adaptable de 3 etapas y con Bluetooth integrado.\" \/>\n<meta property=\"og:url\" content=\"https:\/\/marinesolarenergy.com\/en\/producto\/ori124838120-orion-tr-smart-12-48-8a-380w-isolated-dc-dc-charger\/\" \/>\n<meta property=\"og:site_name\" content=\"Marine Solar Energy\" \/>\n<meta property=\"article:publisher\" content=\"https:\/\/www.facebook.com\/profile.php?id=100090076554003\" \/>\n<meta property=\"article:modified_time\" content=\"2025-12-01T21:27:48+00:00\" \/>\n<meta property=\"og:image\" content=\"https:\/\/marinesolarenergy.com\/wp-content\/uploads\/2025\/12\/OIP-2.webp\" \/>\n\t<meta property=\"og:image:width\" content=\"474\" \/>\n\t<meta property=\"og:image:height\" content=\"355\" \/>\n\t<meta property=\"og:image:type\" content=\"image\/webp\" \/>\n<meta name=\"twitter:card\" content=\"summary_large_image\" \/>\n<meta name=\"twitter:label1\" content=\"Est. reading time\" \/>\n\t<meta name=\"twitter:data1\" content=\"2 minutes\" \/>\n<script type=\"application\/ld+json\" class=\"yoast-schema-graph\">{\"@context\":\"https:\\\/\\\/schema.org\",\"@graph\":[{\"@type\":\"WebPage\",\"@id\":\"https:\\\/\\\/marinesolarenergy.com\\\/en\\\/producto\\\/ori124838120-orion-tr-smart-12-48-8a-380w-isolated-dc-dc-charger\\\/\",\"url\":\"https:\\\/\\\/marinesolarenergy.com\\\/en\\\/producto\\\/ori124838120-orion-tr-smart-12-48-8a-380w-isolated-dc-dc-charger\\\/\",\"name\":\"ORI124838120 Orion-Tr Smart 12\\\/48-8A (380W) Isolated DC-DC charger - Marine Solar Energy\",\"isPartOf\":{\"@id\":\"https:\\\/\\\/marinesolarenergy.com\\\/en\\\/#website\"},\"primaryImageOfPage\":{\"@id\":\"https:\\\/\\\/marinesolarenergy.com\\\/en\\\/producto\\\/ori124838120-orion-tr-smart-12-48-8a-380w-isolated-dc-dc-charger\\\/#primaryimage\"},\"image\":{\"@id\":\"https:\\\/\\\/marinesolarenergy.com\\\/en\\\/producto\\\/ori124838120-orion-tr-smart-12-48-8a-380w-isolated-dc-dc-charger\\\/#primaryimage\"},\"thumbnailUrl\":\"https:\\\/\\\/i0.wp.com\\\/marinesolarenergy.com\\\/wp-content\\\/uploads\\\/2025\\\/12\\\/OIP-2.webp?fit=474%2C355&ssl=1\",\"datePublished\":\"2025-12-01T21:22:23+00:00\",\"dateModified\":\"2025-12-01T21:27:48+00:00\",\"breadcrumb\":{\"@id\":\"https:\\\/\\\/marinesolarenergy.com\\\/en\\\/producto\\\/ori124838120-orion-tr-smart-12-48-8a-380w-isolated-dc-dc-charger\\\/#breadcrumb\"},\"inLanguage\":\"en-US\",\"potentialAction\":[{\"@type\":\"ReadAction\",\"target\":[\"https:\\\/\\\/marinesolarenergy.com\\\/en\\\/producto\\\/ori124838120-orion-tr-smart-12-48-8a-380w-isolated-dc-dc-charger\\\/\"]}]},{\"@type\":\"ImageObject\",\"inLanguage\":\"en-US\",\"@id\":\"https:\\\/\\\/marinesolarenergy.com\\\/en\\\/producto\\\/ori124838120-orion-tr-smart-12-48-8a-380w-isolated-dc-dc-charger\\\/#primaryimage\",\"url\":\"https:\\\/\\\/i0.wp.com\\\/marinesolarenergy.com\\\/wp-content\\\/uploads\\\/2025\\\/12\\\/OIP-2.webp?fit=474%2C355&ssl=1\",\"contentUrl\":\"https:\\\/\\\/i0.wp.com\\\/marinesolarenergy.com\\\/wp-content\\\/uploads\\\/2025\\\/12\\\/OIP-2.webp?fit=474%2C355&ssl=1\",\"width\":474,\"height\":355},{\"@type\":\"BreadcrumbList\",\"@id\":\"https:\\\/\\\/marinesolarenergy.com\\\/en\\\/producto\\\/ori124838120-orion-tr-smart-12-48-8a-380w-isolated-dc-dc-charger\\\/#breadcrumb\",\"itemListElement\":[{\"@type\":\"ListItem\",\"position\":1,\"name\":\"Portada\",\"item\":\"https:\\\/\\\/marinesolarenergy.com\\\/en\\\/home\\\/\"},{\"@type\":\"ListItem\",\"position\":2,\"name\":\"Tienda\",\"item\":\"https:\\\/\\\/marinesolarenergy.com\\\/tienda\\\/\"},{\"@type\":\"ListItem\",\"position\":3,\"name\":\"ORI124838120 Orion-Tr Smart 12\\\/48-8A (380W) Isolated DC-DC charger\"}]},{\"@type\":\"WebSite\",\"@id\":\"https:\\\/\\\/marinesolarenergy.com\\\/en\\\/#website\",\"url\":\"https:\\\/\\\/marinesolarenergy.com\\\/en\\\/\",\"name\":\"Marine Solar Energy\",\"description\":\"Power in Control\",\"publisher\":{\"@id\":\"https:\\\/\\\/marinesolarenergy.com\\\/en\\\/#organization\"},\"potentialAction\":[{\"@type\":\"SearchAction\",\"target\":{\"@type\":\"EntryPoint\",\"urlTemplate\":\"https:\\\/\\\/marinesolarenergy.com\\\/en\\\/?s={search_term_string}\"},\"query-input\":{\"@type\":\"PropertyValueSpecification\",\"valueRequired\":true,\"valueName\":\"search_term_string\"}}],\"inLanguage\":\"en-US\"},{\"@type\":\"Organization\",\"@id\":\"https:\\\/\\\/marinesolarenergy.com\\\/en\\\/#organization\",\"name\":\"Marine Solar Energy\",\"url\":\"https:\\\/\\\/marinesolarenergy.com\\\/en\\\/\",\"logo\":{\"@type\":\"ImageObject\",\"inLanguage\":\"en-US\",\"@id\":\"https:\\\/\\\/marinesolarenergy.com\\\/en\\\/#\\\/schema\\\/logo\\\/image\\\/\",\"url\":\"https:\\\/\\\/marinesolarenergy.com\\\/wp-content\\\/uploads\\\/2023\\\/02\\\/800-vertical-logo.png\",\"contentUrl\":\"https:\\\/\\\/marinesolarenergy.com\\\/wp-content\\\/uploads\\\/2023\\\/02\\\/800-vertical-logo.png\",\"width\":800,\"height\":596,\"caption\":\"Marine Solar Energy\"},\"image\":{\"@id\":\"https:\\\/\\\/marinesolarenergy.com\\\/en\\\/#\\\/schema\\\/logo\\\/image\\\/\"},\"sameAs\":[\"https:\\\/\\\/www.facebook.com\\\/profile.php?id=100090076554003\",\"https:\\\/\\\/www.instagram.com\\\/marine.solarenergy\\\/\"]}]}<\/script>\n<!-- \/ Yoast SEO plugin. -->","yoast_head_json":{"title":"ORI124838120 Orion-Tr Smart 12\/48-8A (380W) Isolated DC-DC charger - Marine Solar Energy","robots":{"index":"index","follow":"follow","max-snippet":"max-snippet:-1","max-image-preview":"max-image-preview:large","max-video-preview":"max-video-preview:-1"},"canonical":"https:\/\/marinesolarenergy.com\/en\/producto\/ori124838120-orion-tr-smart-12-48-8a-380w-isolated-dc-dc-charger\/","og_locale":"en_US","og_type":"article","og_title":"ORI124838120 Orion-Tr Smart 12\/48-8A (380W) Isolated DC-DC charger - Marine Solar Energy","og_description":"El cargador Orion-Tr Smart DC-DC es un cargador profesional de CC a CC, adaptable de 3 etapas y con Bluetooth integrado.","og_url":"https:\/\/marinesolarenergy.com\/en\/producto\/ori124838120-orion-tr-smart-12-48-8a-380w-isolated-dc-dc-charger\/","og_site_name":"Marine Solar Energy","article_publisher":"https:\/\/www.facebook.com\/profile.php?id=100090076554003","article_modified_time":"2025-12-01T21:27:48+00:00","og_image":[{"width":474,"height":355,"url":"https:\/\/marinesolarenergy.com\/wp-content\/uploads\/2025\/12\/OIP-2.webp","type":"image\/webp"}],"twitter_card":"summary_large_image","twitter_misc":{"Est. reading time":"2 minutes"},"schema":{"@context":"https:\/\/schema.org","@graph":[{"@type":"WebPage","@id":"https:\/\/marinesolarenergy.com\/en\/producto\/ori124838120-orion-tr-smart-12-48-8a-380w-isolated-dc-dc-charger\/","url":"https:\/\/marinesolarenergy.com\/en\/producto\/ori124838120-orion-tr-smart-12-48-8a-380w-isolated-dc-dc-charger\/","name":"ORI124838120 Orion-Tr Smart 12\/48-8A (380W) Isolated DC-DC charger - Marine Solar Energy","isPartOf":{"@id":"https:\/\/marinesolarenergy.com\/en\/#website"},"primaryImageOfPage":{"@id":"https:\/\/marinesolarenergy.com\/en\/producto\/ori124838120-orion-tr-smart-12-48-8a-380w-isolated-dc-dc-charger\/#primaryimage"},"image":{"@id":"https:\/\/marinesolarenergy.com\/en\/producto\/ori124838120-orion-tr-smart-12-48-8a-380w-isolated-dc-dc-charger\/#primaryimage"},"thumbnailUrl":"https:\/\/i0.wp.com\/marinesolarenergy.com\/wp-content\/uploads\/2025\/12\/OIP-2.webp?fit=474%2C355&ssl=1","datePublished":"2025-12-01T21:22:23+00:00","dateModified":"2025-12-01T21:27:48+00:00","breadcrumb":{"@id":"https:\/\/marinesolarenergy.com\/en\/producto\/ori124838120-orion-tr-smart-12-48-8a-380w-isolated-dc-dc-charger\/#breadcrumb"},"inLanguage":"en-US","potentialAction":[{"@type":"ReadAction","target":["https:\/\/marinesolarenergy.com\/en\/producto\/ori124838120-orion-tr-smart-12-48-8a-380w-isolated-dc-dc-charger\/"]}]},{"@type":"ImageObject","inLanguage":"en-US","@id":"https:\/\/marinesolarenergy.com\/en\/producto\/ori124838120-orion-tr-smart-12-48-8a-380w-isolated-dc-dc-charger\/#primaryimage","url":"https:\/\/i0.wp.com\/marinesolarenergy.com\/wp-content\/uploads\/2025\/12\/OIP-2.webp?fit=474%2C355&ssl=1","contentUrl":"https:\/\/i0.wp.com\/marinesolarenergy.com\/wp-content\/uploads\/2025\/12\/OIP-2.webp?fit=474%2C355&ssl=1","width":474,"height":355},{"@type":"BreadcrumbList","@id":"https:\/\/marinesolarenergy.com\/en\/producto\/ori124838120-orion-tr-smart-12-48-8a-380w-isolated-dc-dc-charger\/#breadcrumb","itemListElement":[{"@type":"ListItem","position":1,"name":"Portada","item":"https:\/\/marinesolarenergy.com\/en\/home\/"},{"@type":"ListItem","position":2,"name":"Tienda","item":"https:\/\/marinesolarenergy.com\/tienda\/"},{"@type":"ListItem","position":3,"name":"ORI124838120 Orion-Tr Smart 12\/48-8A (380W) Isolated DC-DC charger"}]},{"@type":"WebSite","@id":"https:\/\/marinesolarenergy.com\/en\/#website","url":"https:\/\/marinesolarenergy.com\/en\/","name":"Marine Solar Energy","description":"Power in Control","publisher":{"@id":"https:\/\/marinesolarenergy.com\/en\/#organization"},"potentialAction":[{"@type":"SearchAction","target":{"@type":"EntryPoint","urlTemplate":"https:\/\/marinesolarenergy.com\/en\/?s={search_term_string}"},"query-input":{"@type":"PropertyValueSpecification","valueRequired":true,"valueName":"search_term_string"}}],"inLanguage":"en-US"},{"@type":"Organization","@id":"https:\/\/marinesolarenergy.com\/en\/#organization","name":"Marine Solar Energy","url":"https:\/\/marinesolarenergy.com\/en\/","logo":{"@type":"ImageObject","inLanguage":"en-US","@id":"https:\/\/marinesolarenergy.com\/en\/#\/schema\/logo\/image\/","url":"https:\/\/marinesolarenergy.com\/wp-content\/uploads\/2023\/02\/800-vertical-logo.png","contentUrl":"https:\/\/marinesolarenergy.com\/wp-content\/uploads\/2023\/02\/800-vertical-logo.png","width":800,"height":596,"caption":"Marine Solar Energy"},"image":{"@id":"https:\/\/marinesolarenergy.com\/en\/#\/schema\/logo\/image\/"},"sameAs":["https:\/\/www.facebook.com\/profile.php?id=100090076554003","https:\/\/www.instagram.com\/marine.solarenergy\/"]}]}},"jetpack-related-posts":[],"jetpack_sharing_enabled":true,"_links":{"self":[{"href":"https:\/\/marinesolarenergy.com\/en\/wp-json\/wp\/v2\/product\/1974","targetHints":{"allow":["GET"]}}],"collection":[{"href":"https:\/\/marinesolarenergy.com\/en\/wp-json\/wp\/v2\/product"}],"about":[{"href":"https:\/\/marinesolarenergy.com\/en\/wp-json\/wp\/v2\/types\/product"}],"replies":[{"embeddable":true,"href":"https:\/\/marinesolarenergy.com\/en\/wp-json\/wp\/v2\/comments?post=1974"}],"wp:featuredmedia":[{"embeddable":true,"href":"https:\/\/marinesolarenergy.com\/en\/wp-json\/wp\/v2\/media\/1976"}],"wp:attachment":[{"href":"https:\/\/marinesolarenergy.com\/en\/wp-json\/wp\/v2\/media?parent=1974"}],"wp:term":[{"taxonomy":"product_brand","embeddable":true,"href":"https:\/\/marinesolarenergy.com\/en\/wp-json\/wp\/v2\/product_brand?post=1974"},{"taxonomy":"product_cat","embeddable":true,"href":"https:\/\/marinesolarenergy.com\/en\/wp-json\/wp\/v2\/product_cat?post=1974"},{"taxonomy":"product_tag","embeddable":true,"href":"https:\/\/marinesolarenergy.com\/en\/wp-json\/wp\/v2\/product_tag?post=1974"}],"curies":[{"name":"wp","href":"https:\/\/api.w.org\/{rel}","templated":true}]}}