{"id":1948,"date":"2025-12-01T20:50:30","date_gmt":"2025-12-01T20:50:30","guid":{"rendered":"https:\/\/marinesolarenergy.com\/?post_type=product&#038;p=1948"},"modified":"2025-12-01T20:56:00","modified_gmt":"2025-12-01T20:56:00","slug":"centaur-charger-24-16-3-120-240v-copia","status":"publish","type":"product","link":"https:\/\/marinesolarenergy.com\/en\/producto\/centaur-charger-24-16-3-120-240v-copia\/","title":{"rendered":"Centaur Charger 24\/16 (3) 120-240V"},"content":{"rendered":"<p>La gama de cargadores de bater\u00edas Centaur dispone de una entrada con autocalibraci\u00f3n que cubre entradas de 90-265 VAC 50\/60 Hz, lo que significa que pueden usarse en cualquier lugar del mundo.<\/p>\n<p>Es fundamental el hecho de que, al contrario que otros productos que dicen disponer de admisi\u00f3n universal, la gama Centaur mantiene una potencia de salida completa dentro de todo el rango especificado. Otras caracter\u00edsticas son la carga completamente autom\u00e1tica en tres etapas, que garantiza que las bater\u00edas est\u00e1n completamente cargadas en todo momento y que dispondr\u00e1 de tres cargas de salida, para configuraciones de bater\u00edas m\u00faltiples que se adecuar\u00e1n a la mayor\u00eda de las instalaciones normales.<\/p>\n<p>La gama dispone de modelos de 12 V y 24 V, desde 16 A hasta 100 A.<\/p>\n","protected":false},"excerpt":{"rendered":"<p>La gama de cargadores de bater\u00edas Centaur dispone de una entrada con autocalibraci\u00f3n que cubre entradas de 90-265 VAC 50\/60 Hz, lo que significa que pueden usarse en cualquier lugar del mundo.<\/p>\n<p>&nbsp;<\/p>\n","protected":false},"featured_media":1951,"comment_status":"open","ping_status":"closed","template":"","meta":{"_et_pb_use_builder":"","_et_pb_old_content":"","_et_gb_content_width":"","_coblocks_attr":"","_coblocks_dimensions":"","_coblocks_responsive_height":"","_coblocks_accordion_ie_support":""},"product_brand":[],"product_cat":[30,15],"product_tag":[],"class_list":{"0":"post-1948","1":"product","2":"type-product","3":"status-publish","4":"has-post-thumbnail","6":"product_cat-cargador-de-baterias","7":"product_cat-todos","9":"first","10":"instock","11":"sale","12":"taxable","13":"shipping-taxable","14":"purchasable","15":"product-type-simple"},"yoast_head":"<!-- This site is optimized with the Yoast SEO plugin v27.4 - https:\/\/yoast.com\/product\/yoast-seo-wordpress\/ -->\n<title>Centaur Charger 24\/16 (3) 120-240V - Marine Solar Energy<\/title>\n<meta name=\"robots\" content=\"index, follow, max-snippet:-1, max-image-preview:large, max-video-preview:-1\" \/>\n<link rel=\"canonical\" href=\"https:\/\/marinesolarenergy.com\/en\/producto\/centaur-charger-24-16-3-120-240v-copia\/\" \/>\n<meta property=\"og:locale\" content=\"en_US\" \/>\n<meta property=\"og:type\" content=\"article\" \/>\n<meta property=\"og:title\" content=\"Centaur Charger 24\/16 (3) 120-240V - Marine Solar Energy\" \/>\n<meta property=\"og:description\" content=\"La gama de cargadores de bater\u00edas Centaur dispone de una entrada con autocalibraci\u00f3n que cubre entradas de 90-265 VAC 50\/60 Hz, lo que significa que pueden usarse en cualquier lugar del mundo.  &nbsp;\" \/>\n<meta property=\"og:url\" content=\"https:\/\/marinesolarenergy.com\/en\/producto\/centaur-charger-24-16-3-120-240v-copia\/\" \/>\n<meta property=\"og:site_name\" content=\"Marine Solar Energy\" \/>\n<meta property=\"article:publisher\" content=\"https:\/\/www.facebook.com\/profile.php?id=100090076554003\" \/>\n<meta property=\"article:modified_time\" content=\"2025-12-01T20:56:00+00:00\" \/>\n<meta property=\"og:image\" content=\"https:\/\/marinesolarenergy.com\/wp-content\/uploads\/2025\/12\/victron-centaur-2416-battery-charger-24v-16a-3-outputs-for-45150ah-batteries.jpg\" \/>\n\t<meta property=\"og:image:width\" content=\"1000\" \/>\n\t<meta property=\"og:image:height\" content=\"1000\" \/>\n\t<meta property=\"og:image:type\" content=\"image\/jpeg\" \/>\n<meta name=\"twitter:card\" content=\"summary_large_image\" \/>\n<meta name=\"twitter:label1\" content=\"Est. reading time\" \/>\n\t<meta name=\"twitter:data1\" content=\"1 minute\" \/>\n<script type=\"application\/ld+json\" class=\"yoast-schema-graph\">{\"@context\":\"https:\\\/\\\/schema.org\",\"@graph\":[{\"@type\":\"WebPage\",\"@id\":\"https:\\\/\\\/marinesolarenergy.com\\\/en\\\/producto\\\/centaur-charger-24-16-3-120-240v-copia\\\/\",\"url\":\"https:\\\/\\\/marinesolarenergy.com\\\/en\\\/producto\\\/centaur-charger-24-16-3-120-240v-copia\\\/\",\"name\":\"Centaur Charger 24\\\/16 (3) 120-240V - Marine Solar Energy\",\"isPartOf\":{\"@id\":\"https:\\\/\\\/marinesolarenergy.com\\\/en\\\/#website\"},\"primaryImageOfPage\":{\"@id\":\"https:\\\/\\\/marinesolarenergy.com\\\/en\\\/producto\\\/centaur-charger-24-16-3-120-240v-copia\\\/#primaryimage\"},\"image\":{\"@id\":\"https:\\\/\\\/marinesolarenergy.com\\\/en\\\/producto\\\/centaur-charger-24-16-3-120-240v-copia\\\/#primaryimage\"},\"thumbnailUrl\":\"https:\\\/\\\/i0.wp.com\\\/marinesolarenergy.com\\\/wp-content\\\/uploads\\\/2025\\\/12\\\/victron-centaur-2416-battery-charger-24v-16a-3-outputs-for-45150ah-batteries.jpg?fit=1000%2C1000&ssl=1\",\"datePublished\":\"2025-12-01T20:50:30+00:00\",\"dateModified\":\"2025-12-01T20:56:00+00:00\",\"breadcrumb\":{\"@id\":\"https:\\\/\\\/marinesolarenergy.com\\\/en\\\/producto\\\/centaur-charger-24-16-3-120-240v-copia\\\/#breadcrumb\"},\"inLanguage\":\"en-US\",\"potentialAction\":[{\"@type\":\"ReadAction\",\"target\":[\"https:\\\/\\\/marinesolarenergy.com\\\/en\\\/producto\\\/centaur-charger-24-16-3-120-240v-copia\\\/\"]}]},{\"@type\":\"ImageObject\",\"inLanguage\":\"en-US\",\"@id\":\"https:\\\/\\\/marinesolarenergy.com\\\/en\\\/producto\\\/centaur-charger-24-16-3-120-240v-copia\\\/#primaryimage\",\"url\":\"https:\\\/\\\/i0.wp.com\\\/marinesolarenergy.com\\\/wp-content\\\/uploads\\\/2025\\\/12\\\/victron-centaur-2416-battery-charger-24v-16a-3-outputs-for-45150ah-batteries.jpg?fit=1000%2C1000&ssl=1\",\"contentUrl\":\"https:\\\/\\\/i0.wp.com\\\/marinesolarenergy.com\\\/wp-content\\\/uploads\\\/2025\\\/12\\\/victron-centaur-2416-battery-charger-24v-16a-3-outputs-for-45150ah-batteries.jpg?fit=1000%2C1000&ssl=1\",\"width\":1000,\"height\":1000},{\"@type\":\"BreadcrumbList\",\"@id\":\"https:\\\/\\\/marinesolarenergy.com\\\/en\\\/producto\\\/centaur-charger-24-16-3-120-240v-copia\\\/#breadcrumb\",\"itemListElement\":[{\"@type\":\"ListItem\",\"position\":1,\"name\":\"Portada\",\"item\":\"https:\\\/\\\/marinesolarenergy.com\\\/en\\\/home\\\/\"},{\"@type\":\"ListItem\",\"position\":2,\"name\":\"Tienda\",\"item\":\"https:\\\/\\\/marinesolarenergy.com\\\/tienda\\\/\"},{\"@type\":\"ListItem\",\"position\":3,\"name\":\"Centaur Charger 24\\\/16 (3) 120-240V\"}]},{\"@type\":\"WebSite\",\"@id\":\"https:\\\/\\\/marinesolarenergy.com\\\/en\\\/#website\",\"url\":\"https:\\\/\\\/marinesolarenergy.com\\\/en\\\/\",\"name\":\"Marine Solar Energy\",\"description\":\"Power in Control\",\"publisher\":{\"@id\":\"https:\\\/\\\/marinesolarenergy.com\\\/en\\\/#organization\"},\"potentialAction\":[{\"@type\":\"SearchAction\",\"target\":{\"@type\":\"EntryPoint\",\"urlTemplate\":\"https:\\\/\\\/marinesolarenergy.com\\\/en\\\/?s={search_term_string}\"},\"query-input\":{\"@type\":\"PropertyValueSpecification\",\"valueRequired\":true,\"valueName\":\"search_term_string\"}}],\"inLanguage\":\"en-US\"},{\"@type\":\"Organization\",\"@id\":\"https:\\\/\\\/marinesolarenergy.com\\\/en\\\/#organization\",\"name\":\"Marine Solar Energy\",\"url\":\"https:\\\/\\\/marinesolarenergy.com\\\/en\\\/\",\"logo\":{\"@type\":\"ImageObject\",\"inLanguage\":\"en-US\",\"@id\":\"https:\\\/\\\/marinesolarenergy.com\\\/en\\\/#\\\/schema\\\/logo\\\/image\\\/\",\"url\":\"https:\\\/\\\/marinesolarenergy.com\\\/wp-content\\\/uploads\\\/2023\\\/02\\\/800-vertical-logo.png\",\"contentUrl\":\"https:\\\/\\\/marinesolarenergy.com\\\/wp-content\\\/uploads\\\/2023\\\/02\\\/800-vertical-logo.png\",\"width\":800,\"height\":596,\"caption\":\"Marine Solar Energy\"},\"image\":{\"@id\":\"https:\\\/\\\/marinesolarenergy.com\\\/en\\\/#\\\/schema\\\/logo\\\/image\\\/\"},\"sameAs\":[\"https:\\\/\\\/www.facebook.com\\\/profile.php?id=100090076554003\",\"https:\\\/\\\/www.instagram.com\\\/marine.solarenergy\\\/\"]}]}<\/script>\n<!-- \/ Yoast SEO plugin. -->","yoast_head_json":{"title":"Centaur Charger 24\/16 (3) 120-240V - Marine Solar Energy","robots":{"index":"index","follow":"follow","max-snippet":"max-snippet:-1","max-image-preview":"max-image-preview:large","max-video-preview":"max-video-preview:-1"},"canonical":"https:\/\/marinesolarenergy.com\/en\/producto\/centaur-charger-24-16-3-120-240v-copia\/","og_locale":"en_US","og_type":"article","og_title":"Centaur Charger 24\/16 (3) 120-240V - Marine Solar Energy","og_description":"La gama de cargadores de bater\u00edas Centaur dispone de una entrada con autocalibraci\u00f3n que cubre entradas de 90-265 VAC 50\/60 Hz, lo que significa que pueden usarse en cualquier lugar del mundo.  &nbsp;","og_url":"https:\/\/marinesolarenergy.com\/en\/producto\/centaur-charger-24-16-3-120-240v-copia\/","og_site_name":"Marine Solar Energy","article_publisher":"https:\/\/www.facebook.com\/profile.php?id=100090076554003","article_modified_time":"2025-12-01T20:56:00+00:00","og_image":[{"width":1000,"height":1000,"url":"https:\/\/marinesolarenergy.com\/wp-content\/uploads\/2025\/12\/victron-centaur-2416-battery-charger-24v-16a-3-outputs-for-45150ah-batteries.jpg","type":"image\/jpeg"}],"twitter_card":"summary_large_image","twitter_misc":{"Est. reading time":"1 minute"},"schema":{"@context":"https:\/\/schema.org","@graph":[{"@type":"WebPage","@id":"https:\/\/marinesolarenergy.com\/en\/producto\/centaur-charger-24-16-3-120-240v-copia\/","url":"https:\/\/marinesolarenergy.com\/en\/producto\/centaur-charger-24-16-3-120-240v-copia\/","name":"Centaur Charger 24\/16 (3) 120-240V - Marine Solar Energy","isPartOf":{"@id":"https:\/\/marinesolarenergy.com\/en\/#website"},"primaryImageOfPage":{"@id":"https:\/\/marinesolarenergy.com\/en\/producto\/centaur-charger-24-16-3-120-240v-copia\/#primaryimage"},"image":{"@id":"https:\/\/marinesolarenergy.com\/en\/producto\/centaur-charger-24-16-3-120-240v-copia\/#primaryimage"},"thumbnailUrl":"https:\/\/i0.wp.com\/marinesolarenergy.com\/wp-content\/uploads\/2025\/12\/victron-centaur-2416-battery-charger-24v-16a-3-outputs-for-45150ah-batteries.jpg?fit=1000%2C1000&ssl=1","datePublished":"2025-12-01T20:50:30+00:00","dateModified":"2025-12-01T20:56:00+00:00","breadcrumb":{"@id":"https:\/\/marinesolarenergy.com\/en\/producto\/centaur-charger-24-16-3-120-240v-copia\/#breadcrumb"},"inLanguage":"en-US","potentialAction":[{"@type":"ReadAction","target":["https:\/\/marinesolarenergy.com\/en\/producto\/centaur-charger-24-16-3-120-240v-copia\/"]}]},{"@type":"ImageObject","inLanguage":"en-US","@id":"https:\/\/marinesolarenergy.com\/en\/producto\/centaur-charger-24-16-3-120-240v-copia\/#primaryimage","url":"https:\/\/i0.wp.com\/marinesolarenergy.com\/wp-content\/uploads\/2025\/12\/victron-centaur-2416-battery-charger-24v-16a-3-outputs-for-45150ah-batteries.jpg?fit=1000%2C1000&ssl=1","contentUrl":"https:\/\/i0.wp.com\/marinesolarenergy.com\/wp-content\/uploads\/2025\/12\/victron-centaur-2416-battery-charger-24v-16a-3-outputs-for-45150ah-batteries.jpg?fit=1000%2C1000&ssl=1","width":1000,"height":1000},{"@type":"BreadcrumbList","@id":"https:\/\/marinesolarenergy.com\/en\/producto\/centaur-charger-24-16-3-120-240v-copia\/#breadcrumb","itemListElement":[{"@type":"ListItem","position":1,"name":"Portada","item":"https:\/\/marinesolarenergy.com\/en\/home\/"},{"@type":"ListItem","position":2,"name":"Tienda","item":"https:\/\/marinesolarenergy.com\/tienda\/"},{"@type":"ListItem","position":3,"name":"Centaur Charger 24\/16 (3) 120-240V"}]},{"@type":"WebSite","@id":"https:\/\/marinesolarenergy.com\/en\/#website","url":"https:\/\/marinesolarenergy.com\/en\/","name":"Marine Solar Energy","description":"Power in Control","publisher":{"@id":"https:\/\/marinesolarenergy.com\/en\/#organization"},"potentialAction":[{"@type":"SearchAction","target":{"@type":"EntryPoint","urlTemplate":"https:\/\/marinesolarenergy.com\/en\/?s={search_term_string}"},"query-input":{"@type":"PropertyValueSpecification","valueRequired":true,"valueName":"search_term_string"}}],"inLanguage":"en-US"},{"@type":"Organization","@id":"https:\/\/marinesolarenergy.com\/en\/#organization","name":"Marine Solar Energy","url":"https:\/\/marinesolarenergy.com\/en\/","logo":{"@type":"ImageObject","inLanguage":"en-US","@id":"https:\/\/marinesolarenergy.com\/en\/#\/schema\/logo\/image\/","url":"https:\/\/marinesolarenergy.com\/wp-content\/uploads\/2023\/02\/800-vertical-logo.png","contentUrl":"https:\/\/marinesolarenergy.com\/wp-content\/uploads\/2023\/02\/800-vertical-logo.png","width":800,"height":596,"caption":"Marine Solar Energy"},"image":{"@id":"https:\/\/marinesolarenergy.com\/en\/#\/schema\/logo\/image\/"},"sameAs":["https:\/\/www.facebook.com\/profile.php?id=100090076554003","https:\/\/www.instagram.com\/marine.solarenergy\/"]}]}},"jetpack-related-posts":[],"jetpack_sharing_enabled":true,"_links":{"self":[{"href":"https:\/\/marinesolarenergy.com\/en\/wp-json\/wp\/v2\/product\/1948","targetHints":{"allow":["GET"]}}],"collection":[{"href":"https:\/\/marinesolarenergy.com\/en\/wp-json\/wp\/v2\/product"}],"about":[{"href":"https:\/\/marinesolarenergy.com\/en\/wp-json\/wp\/v2\/types\/product"}],"replies":[{"embeddable":true,"href":"https:\/\/marinesolarenergy.com\/en\/wp-json\/wp\/v2\/comments?post=1948"}],"wp:featuredmedia":[{"embeddable":true,"href":"https:\/\/marinesolarenergy.com\/en\/wp-json\/wp\/v2\/media\/1951"}],"wp:attachment":[{"href":"https:\/\/marinesolarenergy.com\/en\/wp-json\/wp\/v2\/media?parent=1948"}],"wp:term":[{"taxonomy":"product_brand","embeddable":true,"href":"https:\/\/marinesolarenergy.com\/en\/wp-json\/wp\/v2\/product_brand?post=1948"},{"taxonomy":"product_cat","embeddable":true,"href":"https:\/\/marinesolarenergy.com\/en\/wp-json\/wp\/v2\/product_cat?post=1948"},{"taxonomy":"product_tag","embeddable":true,"href":"https:\/\/marinesolarenergy.com\/en\/wp-json\/wp\/v2\/product_tag?post=1948"}],"curies":[{"name":"wp","href":"https:\/\/api.w.org\/{rel}","templated":true}]}}