{"id":1939,"date":"2025-12-01T19:20:45","date_gmt":"2025-12-01T19:20:45","guid":{"rendered":"https:\/\/marinesolarenergy.com\/?post_type=product&#038;p=1939"},"modified":"2025-12-01T21:41:50","modified_gmt":"2025-12-01T21:41:50","slug":"multiplus-12-500-20-16-120v-ve-bus-pmp121500100","status":"publish","type":"product","link":"https:\/\/marinesolarenergy.com\/en\/producto\/multiplus-12-500-20-16-120v-ve-bus-pmp121500100\/","title":{"rendered":"MultiPlus 12\/500\/20-16 120V VE.Bus &#8211; PMP121500100"},"content":{"rendered":"<section id=\"about-product\" class=\"flex w-full justify-center \">\n<div class=\"px-5 md:px-8 lg:px-[4.375rem] max-w-[80rem] flex w-full items-center justify-center\">\n<div class=\"flex w-full flex-col items-center justify-center gap-6 py-[3.75rem] md:flex-row md:gap-0 md:py-14 lg:py-20\">\n<div class=\"flex-[53%] text-body-1-sm [&amp;&gt;*]:text-body-1-sm [&amp;&gt;*&gt;*]:text-body-1-sm about-section\">El nuevo estilo MultiPlus ha sido dise\u00f1ado para sustituir la anterior gama MultiPlus Compact. Re\u00fane, en una sola carcasa compacta, un potente inversor sinusoidal, un sofisticado cargador de bater\u00edas con tecnolog\u00eda de carga variable y un conmutador de transferencia de CA de alta velocidad.<\/div>\n<\/div>\n<\/div>\n<\/section>\n<div id=\"features\" class=\"bg-white\">\n<section class=\"flex w-full justify-center \">\n<div class=\"w-full px-5 md:px-8 lg:px-[4.375rem] max-w-[80rem]\">\n<div class=\"lg:border-t-[1px] lg:border-neutral-400\">\n<div class=\"pb-20 lg:min-h-[30rem] flex flex-col gap-10 items-center lg:border-b-[1px] lg:border-neutral-400 lg:py-20 md:flex-row-reverse\">\n<div class=\"h-[15.6875rem] w-full md:w-1\/2 flex justify-center items-center\">\n<div class=\"h-[15.6875rem] md:h-[10.5rem] w-full lg:h-[21.09375rem]\">\n<div><\/div>\n<div class=\"relative h-full w-full\"><span style=\"color: #333333; font-size: 26px;\">Corriente alterna ininterrumpida (funci\u00f3n SAI)<\/span><\/div>\n<\/div>\n<\/div>\n<div class=\"md:w-1\/2 lg:pr-32\">\n<div class=\"text-black text-body-3 [&amp;&gt;*]:text-body-3\">\n<p>En caso de apag\u00f3n, o de desconexi\u00f3n de la toma de puerto o del generador, el inversor integrado en el Multi se activa autom\u00e1ticamente y asume el suministro para alimentar las cargas conectadas. Esto ocurre tan r\u00e1pidamente (menos de 20 milisegundos) que los ordenadores y dem\u00e1s equipos electr\u00f3nicos contin\u00faan funcionando sin interrupci\u00f3n.<\/p>\n<\/div>\n<\/div>\n<\/div>\n<div class=\"pb-20 lg:min-h-[30rem] flex flex-col gap-10 items-center lg:border-b-[1px] lg:border-neutral-400 lg:py-20 md:flex-row\">\n<div class=\"h-[15.6875rem] w-full md:w-1\/2 flex justify-center items-center\">\n<div class=\"h-[15.6875rem] md:h-[10.5rem] w-full lg:h-[21.09375rem]\">\n<div class=\"relative h-full w-full\"><span style=\"color: #333333; font-size: 26px;\">Seguimiento y control a distancia<\/span><\/div>\n<\/div>\n<\/div>\n<div class=\"md:w-1\/2 lg:pl-32\">\n<div class=\"text-black text-body-3 [&amp;&gt;*]:text-body-3\">\n<p>Si lo empareja con un dispositivo GX (p.ej. un Cerbo GX) podr\u00e1 monitorizar y controlar su Multi y su sistema o sistemas de forma local (LAN) o de forma remota por Internet desde cualquier parte del mundo con la app gratuita VRM y el\u00a0<a href=\"https:\/\/vrm.victronenergy.com\/landingpage\">portal gratuito VRM<\/a>. El acceso puede llevarse a cabo desde un tel\u00e9fono, una tablet o un PC con distintos sistemas operativos. El nivel de control no tiene l\u00edmite, desde el ajuste de su Multi hasta el arranque autom\u00e1tico de un generador de reserva y mucho m\u00e1s&#8230;<\/p>\n<\/div>\n<\/div>\n<\/div>\n<\/div>\n<\/div>\n<\/section>\n<\/div>\n","protected":false},"excerpt":{"rendered":"<p>El MultiPlus-II es un inversor\/cargador que combina las funciones del MultiPlus y del MultiGrid. Tiene todas las caracter\u00edsticas del MultiPlus y adem\u00e1s la opci\u00f3n de instalar un transformador de corriente externa para habilitar el PowerControl y el PowerAssist y para optimizar el autoconsumo con sensor de corriente externa (m\u00e1x. 32A).<\/p>\n","protected":false},"featured_media":1944,"comment_status":"closed","ping_status":"closed","template":"","meta":{"_et_pb_use_builder":"","_et_pb_old_content":"","_et_gb_content_width":"","_coblocks_attr":"","_coblocks_dimensions":"","_coblocks_responsive_height":"","_coblocks_accordion_ie_support":""},"product_brand":[],"product_cat":[18,15],"product_tag":[],"class_list":{"0":"post-1939","1":"product","2":"type-product","3":"status-publish","4":"has-post-thumbnail","6":"product_cat-inversores","7":"product_cat-todos","9":"first","10":"instock","11":"taxable","12":"shipping-taxable","13":"purchasable","14":"product-type-simple"},"yoast_head":"<!-- This site is optimized with the Yoast SEO plugin v27.5 - https:\/\/yoast.com\/product\/yoast-seo-wordpress\/ -->\n<title>MultiPlus 12\/500\/20-16 120V VE.Bus - PMP121500100 - Marine Solar Energy<\/title>\n<meta name=\"robots\" content=\"index, follow, max-snippet:-1, max-image-preview:large, max-video-preview:-1\" \/>\n<link rel=\"canonical\" href=\"https:\/\/marinesolarenergy.com\/en\/producto\/multiplus-12-500-20-16-120v-ve-bus-pmp121500100\/\" \/>\n<meta property=\"og:locale\" content=\"en_US\" \/>\n<meta property=\"og:type\" content=\"article\" \/>\n<meta property=\"og:title\" content=\"MultiPlus 12\/500\/20-16 120V VE.Bus - PMP121500100 - Marine Solar Energy\" \/>\n<meta property=\"og:description\" content=\"El MultiPlus-II es un inversor\/cargador que combina las funciones del MultiPlus y del MultiGrid. Tiene todas las caracter\u00edsticas del MultiPlus y adem\u00e1s la opci\u00f3n de instalar un transformador de corriente externa para habilitar el PowerControl y el PowerAssist y para optimizar el autoconsumo con sensor de corriente externa (m\u00e1x. 32A).\" \/>\n<meta property=\"og:url\" content=\"https:\/\/marinesolarenergy.com\/en\/producto\/multiplus-12-500-20-16-120v-ve-bus-pmp121500100\/\" \/>\n<meta property=\"og:site_name\" content=\"Marine Solar Energy\" \/>\n<meta property=\"article:publisher\" content=\"https:\/\/www.facebook.com\/profile.php?id=100090076554003\" \/>\n<meta property=\"article:modified_time\" content=\"2025-12-01T21:41:50+00:00\" \/>\n<meta property=\"og:image\" content=\"https:\/\/marinesolarenergy.com\/wp-content\/uploads\/2025\/12\/victron-energy-multiplus-12-500-20-16-230v-vebus.png\" \/>\n\t<meta property=\"og:image:width\" content=\"600\" \/>\n\t<meta property=\"og:image:height\" content=\"600\" \/>\n\t<meta property=\"og:image:type\" content=\"image\/png\" \/>\n<meta name=\"twitter:card\" content=\"summary_large_image\" \/>\n<meta name=\"twitter:label1\" content=\"Est. reading time\" \/>\n\t<meta name=\"twitter:data1\" content=\"2 minutes\" \/>\n<script type=\"application\/ld+json\" class=\"yoast-schema-graph\">{\"@context\":\"https:\\\/\\\/schema.org\",\"@graph\":[{\"@type\":\"WebPage\",\"@id\":\"https:\\\/\\\/marinesolarenergy.com\\\/en\\\/producto\\\/multiplus-12-500-20-16-120v-ve-bus-pmp121500100\\\/\",\"url\":\"https:\\\/\\\/marinesolarenergy.com\\\/en\\\/producto\\\/multiplus-12-500-20-16-120v-ve-bus-pmp121500100\\\/\",\"name\":\"MultiPlus 12\\\/500\\\/20-16 120V VE.Bus - PMP121500100 - Marine Solar Energy\",\"isPartOf\":{\"@id\":\"https:\\\/\\\/marinesolarenergy.com\\\/en\\\/#website\"},\"primaryImageOfPage\":{\"@id\":\"https:\\\/\\\/marinesolarenergy.com\\\/en\\\/producto\\\/multiplus-12-500-20-16-120v-ve-bus-pmp121500100\\\/#primaryimage\"},\"image\":{\"@id\":\"https:\\\/\\\/marinesolarenergy.com\\\/en\\\/producto\\\/multiplus-12-500-20-16-120v-ve-bus-pmp121500100\\\/#primaryimage\"},\"thumbnailUrl\":\"https:\\\/\\\/i0.wp.com\\\/marinesolarenergy.com\\\/wp-content\\\/uploads\\\/2025\\\/12\\\/victron-energy-multiplus-12-500-20-16-230v-vebus.png?fit=600%2C600&ssl=1\",\"datePublished\":\"2025-12-01T19:20:45+00:00\",\"dateModified\":\"2025-12-01T21:41:50+00:00\",\"breadcrumb\":{\"@id\":\"https:\\\/\\\/marinesolarenergy.com\\\/en\\\/producto\\\/multiplus-12-500-20-16-120v-ve-bus-pmp121500100\\\/#breadcrumb\"},\"inLanguage\":\"en-US\",\"potentialAction\":[{\"@type\":\"ReadAction\",\"target\":[\"https:\\\/\\\/marinesolarenergy.com\\\/en\\\/producto\\\/multiplus-12-500-20-16-120v-ve-bus-pmp121500100\\\/\"]}]},{\"@type\":\"ImageObject\",\"inLanguage\":\"en-US\",\"@id\":\"https:\\\/\\\/marinesolarenergy.com\\\/en\\\/producto\\\/multiplus-12-500-20-16-120v-ve-bus-pmp121500100\\\/#primaryimage\",\"url\":\"https:\\\/\\\/i0.wp.com\\\/marinesolarenergy.com\\\/wp-content\\\/uploads\\\/2025\\\/12\\\/victron-energy-multiplus-12-500-20-16-230v-vebus.png?fit=600%2C600&ssl=1\",\"contentUrl\":\"https:\\\/\\\/i0.wp.com\\\/marinesolarenergy.com\\\/wp-content\\\/uploads\\\/2025\\\/12\\\/victron-energy-multiplus-12-500-20-16-230v-vebus.png?fit=600%2C600&ssl=1\",\"width\":600,\"height\":600},{\"@type\":\"BreadcrumbList\",\"@id\":\"https:\\\/\\\/marinesolarenergy.com\\\/en\\\/producto\\\/multiplus-12-500-20-16-120v-ve-bus-pmp121500100\\\/#breadcrumb\",\"itemListElement\":[{\"@type\":\"ListItem\",\"position\":1,\"name\":\"Portada\",\"item\":\"https:\\\/\\\/marinesolarenergy.com\\\/en\\\/home\\\/\"},{\"@type\":\"ListItem\",\"position\":2,\"name\":\"Tienda\",\"item\":\"https:\\\/\\\/marinesolarenergy.com\\\/tienda\\\/\"},{\"@type\":\"ListItem\",\"position\":3,\"name\":\"MultiPlus 12\\\/500\\\/20-16 120V VE.Bus &#8211; PMP121500100\"}]},{\"@type\":\"WebSite\",\"@id\":\"https:\\\/\\\/marinesolarenergy.com\\\/en\\\/#website\",\"url\":\"https:\\\/\\\/marinesolarenergy.com\\\/en\\\/\",\"name\":\"Marine Solar Energy\",\"description\":\"Power in Control\",\"publisher\":{\"@id\":\"https:\\\/\\\/marinesolarenergy.com\\\/en\\\/#organization\"},\"potentialAction\":[{\"@type\":\"SearchAction\",\"target\":{\"@type\":\"EntryPoint\",\"urlTemplate\":\"https:\\\/\\\/marinesolarenergy.com\\\/en\\\/?s={search_term_string}\"},\"query-input\":{\"@type\":\"PropertyValueSpecification\",\"valueRequired\":true,\"valueName\":\"search_term_string\"}}],\"inLanguage\":\"en-US\"},{\"@type\":\"Organization\",\"@id\":\"https:\\\/\\\/marinesolarenergy.com\\\/en\\\/#organization\",\"name\":\"Marine Solar Energy\",\"url\":\"https:\\\/\\\/marinesolarenergy.com\\\/en\\\/\",\"logo\":{\"@type\":\"ImageObject\",\"inLanguage\":\"en-US\",\"@id\":\"https:\\\/\\\/marinesolarenergy.com\\\/en\\\/#\\\/schema\\\/logo\\\/image\\\/\",\"url\":\"https:\\\/\\\/marinesolarenergy.com\\\/wp-content\\\/uploads\\\/2023\\\/02\\\/800-vertical-logo.png\",\"contentUrl\":\"https:\\\/\\\/marinesolarenergy.com\\\/wp-content\\\/uploads\\\/2023\\\/02\\\/800-vertical-logo.png\",\"width\":800,\"height\":596,\"caption\":\"Marine Solar Energy\"},\"image\":{\"@id\":\"https:\\\/\\\/marinesolarenergy.com\\\/en\\\/#\\\/schema\\\/logo\\\/image\\\/\"},\"sameAs\":[\"https:\\\/\\\/www.facebook.com\\\/profile.php?id=100090076554003\",\"https:\\\/\\\/www.instagram.com\\\/marine.solarenergy\\\/\"]}]}<\/script>\n<!-- \/ Yoast SEO plugin. -->","yoast_head_json":{"title":"MultiPlus 12\/500\/20-16 120V VE.Bus - PMP121500100 - Marine Solar Energy","robots":{"index":"index","follow":"follow","max-snippet":"max-snippet:-1","max-image-preview":"max-image-preview:large","max-video-preview":"max-video-preview:-1"},"canonical":"https:\/\/marinesolarenergy.com\/en\/producto\/multiplus-12-500-20-16-120v-ve-bus-pmp121500100\/","og_locale":"en_US","og_type":"article","og_title":"MultiPlus 12\/500\/20-16 120V VE.Bus - PMP121500100 - Marine Solar Energy","og_description":"El MultiPlus-II es un inversor\/cargador que combina las funciones del MultiPlus y del MultiGrid. Tiene todas las caracter\u00edsticas del MultiPlus y adem\u00e1s la opci\u00f3n de instalar un transformador de corriente externa para habilitar el PowerControl y el PowerAssist y para optimizar el autoconsumo con sensor de corriente externa (m\u00e1x. 32A).","og_url":"https:\/\/marinesolarenergy.com\/en\/producto\/multiplus-12-500-20-16-120v-ve-bus-pmp121500100\/","og_site_name":"Marine Solar Energy","article_publisher":"https:\/\/www.facebook.com\/profile.php?id=100090076554003","article_modified_time":"2025-12-01T21:41:50+00:00","og_image":[{"width":600,"height":600,"url":"https:\/\/marinesolarenergy.com\/wp-content\/uploads\/2025\/12\/victron-energy-multiplus-12-500-20-16-230v-vebus.png","type":"image\/png"}],"twitter_card":"summary_large_image","twitter_misc":{"Est. reading time":"2 minutes"},"schema":{"@context":"https:\/\/schema.org","@graph":[{"@type":"WebPage","@id":"https:\/\/marinesolarenergy.com\/en\/producto\/multiplus-12-500-20-16-120v-ve-bus-pmp121500100\/","url":"https:\/\/marinesolarenergy.com\/en\/producto\/multiplus-12-500-20-16-120v-ve-bus-pmp121500100\/","name":"MultiPlus 12\/500\/20-16 120V VE.Bus - PMP121500100 - Marine Solar Energy","isPartOf":{"@id":"https:\/\/marinesolarenergy.com\/en\/#website"},"primaryImageOfPage":{"@id":"https:\/\/marinesolarenergy.com\/en\/producto\/multiplus-12-500-20-16-120v-ve-bus-pmp121500100\/#primaryimage"},"image":{"@id":"https:\/\/marinesolarenergy.com\/en\/producto\/multiplus-12-500-20-16-120v-ve-bus-pmp121500100\/#primaryimage"},"thumbnailUrl":"https:\/\/i0.wp.com\/marinesolarenergy.com\/wp-content\/uploads\/2025\/12\/victron-energy-multiplus-12-500-20-16-230v-vebus.png?fit=600%2C600&ssl=1","datePublished":"2025-12-01T19:20:45+00:00","dateModified":"2025-12-01T21:41:50+00:00","breadcrumb":{"@id":"https:\/\/marinesolarenergy.com\/en\/producto\/multiplus-12-500-20-16-120v-ve-bus-pmp121500100\/#breadcrumb"},"inLanguage":"en-US","potentialAction":[{"@type":"ReadAction","target":["https:\/\/marinesolarenergy.com\/en\/producto\/multiplus-12-500-20-16-120v-ve-bus-pmp121500100\/"]}]},{"@type":"ImageObject","inLanguage":"en-US","@id":"https:\/\/marinesolarenergy.com\/en\/producto\/multiplus-12-500-20-16-120v-ve-bus-pmp121500100\/#primaryimage","url":"https:\/\/i0.wp.com\/marinesolarenergy.com\/wp-content\/uploads\/2025\/12\/victron-energy-multiplus-12-500-20-16-230v-vebus.png?fit=600%2C600&ssl=1","contentUrl":"https:\/\/i0.wp.com\/marinesolarenergy.com\/wp-content\/uploads\/2025\/12\/victron-energy-multiplus-12-500-20-16-230v-vebus.png?fit=600%2C600&ssl=1","width":600,"height":600},{"@type":"BreadcrumbList","@id":"https:\/\/marinesolarenergy.com\/en\/producto\/multiplus-12-500-20-16-120v-ve-bus-pmp121500100\/#breadcrumb","itemListElement":[{"@type":"ListItem","position":1,"name":"Portada","item":"https:\/\/marinesolarenergy.com\/en\/home\/"},{"@type":"ListItem","position":2,"name":"Tienda","item":"https:\/\/marinesolarenergy.com\/tienda\/"},{"@type":"ListItem","position":3,"name":"MultiPlus 12\/500\/20-16 120V VE.Bus &#8211; PMP121500100"}]},{"@type":"WebSite","@id":"https:\/\/marinesolarenergy.com\/en\/#website","url":"https:\/\/marinesolarenergy.com\/en\/","name":"Marine Solar Energy","description":"Power in Control","publisher":{"@id":"https:\/\/marinesolarenergy.com\/en\/#organization"},"potentialAction":[{"@type":"SearchAction","target":{"@type":"EntryPoint","urlTemplate":"https:\/\/marinesolarenergy.com\/en\/?s={search_term_string}"},"query-input":{"@type":"PropertyValueSpecification","valueRequired":true,"valueName":"search_term_string"}}],"inLanguage":"en-US"},{"@type":"Organization","@id":"https:\/\/marinesolarenergy.com\/en\/#organization","name":"Marine Solar Energy","url":"https:\/\/marinesolarenergy.com\/en\/","logo":{"@type":"ImageObject","inLanguage":"en-US","@id":"https:\/\/marinesolarenergy.com\/en\/#\/schema\/logo\/image\/","url":"https:\/\/marinesolarenergy.com\/wp-content\/uploads\/2023\/02\/800-vertical-logo.png","contentUrl":"https:\/\/marinesolarenergy.com\/wp-content\/uploads\/2023\/02\/800-vertical-logo.png","width":800,"height":596,"caption":"Marine Solar Energy"},"image":{"@id":"https:\/\/marinesolarenergy.com\/en\/#\/schema\/logo\/image\/"},"sameAs":["https:\/\/www.facebook.com\/profile.php?id=100090076554003","https:\/\/www.instagram.com\/marine.solarenergy\/"]}]}},"jetpack-related-posts":[],"jetpack_sharing_enabled":true,"_links":{"self":[{"href":"https:\/\/marinesolarenergy.com\/en\/wp-json\/wp\/v2\/product\/1939","targetHints":{"allow":["GET"]}}],"collection":[{"href":"https:\/\/marinesolarenergy.com\/en\/wp-json\/wp\/v2\/product"}],"about":[{"href":"https:\/\/marinesolarenergy.com\/en\/wp-json\/wp\/v2\/types\/product"}],"replies":[{"embeddable":true,"href":"https:\/\/marinesolarenergy.com\/en\/wp-json\/wp\/v2\/comments?post=1939"}],"wp:featuredmedia":[{"embeddable":true,"href":"https:\/\/marinesolarenergy.com\/en\/wp-json\/wp\/v2\/media\/1944"}],"wp:attachment":[{"href":"https:\/\/marinesolarenergy.com\/en\/wp-json\/wp\/v2\/media?parent=1939"}],"wp:term":[{"taxonomy":"product_brand","embeddable":true,"href":"https:\/\/marinesolarenergy.com\/en\/wp-json\/wp\/v2\/product_brand?post=1939"},{"taxonomy":"product_cat","embeddable":true,"href":"https:\/\/marinesolarenergy.com\/en\/wp-json\/wp\/v2\/product_cat?post=1939"},{"taxonomy":"product_tag","embeddable":true,"href":"https:\/\/marinesolarenergy.com\/en\/wp-json\/wp\/v2\/product_tag?post=1939"}],"curies":[{"name":"wp","href":"https:\/\/api.w.org\/{rel}","templated":true}]}}